{"id":3441,"date":"2024-03-01T09:46:28","date_gmt":"2024-03-01T09:46:28","guid":{"rendered":"https:\/\/esthetiquemaviesante.fr\/producto\/minceur-tri-action\/"},"modified":"2024-03-24T19:26:59","modified_gmt":"2024-03-24T19:26:59","slug":"minceur-tri-action","status":"publish","type":"product","link":"https:\/\/esthetiquemaviesante.fr\/fr\/product\/minceur-tri-action\/","title":{"rendered":"MINCEUR TRI-ACTION"},"content":{"rendered":"<p><strong>SUPPL\u00c9MENT NUTRITIONNEL DRAINANT ET SATI\u00c9TANT<\/strong><\/p>\n<p>Les suppl\u00e9ments nutritionnels drainants et sati\u00e9tants peuvent \u00eatre utiles dans le cadre d&rsquo;un programme de perte de poids. Ci-dessous, une br\u00e8ve description en espagnol et en fran\u00e7ais de ces compl\u00e9ments :<\/p>\n<p><strong>Drainants :<\/strong><\/p>\n<p>Les suppl\u00e9ments drainants sont con\u00e7us pour aider \u00e0 \u00e9liminer l&rsquo;exc\u00e8s de liquides et de toxines du corps, ce qui peut r\u00e9duire les gonflements et am\u00e9liorer l&rsquo;apparence de la peau.<\/p>\n<p><strong>Sati\u00e9tants :<\/strong><\/p>\n<p>Les suppl\u00e9ments sati\u00e9tants contiennent des ingr\u00e9dients qui favorisent la sensation de sati\u00e9t\u00e9, ce qui peut aider \u00e0 contr\u00f4ler l&rsquo;app\u00e9tit et \u00e0 r\u00e9duire l&rsquo;apport alimentaire.<\/p>\n<p>Les suppl\u00e9ments nutritionnels doivent \u00eatre utilis\u00e9s dans le cadre d&rsquo;une approche globale de la perte de poids, comprenant une alimentation \u00e9quilibr\u00e9e et une activit\u00e9 physique r\u00e9guli\u00e8re. Avant de commencer toute suppl\u00e9mentation, il est recommand\u00e9 de consulter un professionnel de la sant\u00e9 ou un nutritionniste pour s&rsquo;assurer qu&rsquo;elle convient \u00e0 vos besoins individuels. De plus, les suppl\u00e9ments nutritionnels ne doivent pas \u00eatre consid\u00e9r\u00e9s comme une solution unique pour perdre du poids, mais plut\u00f4t comme une aide compl\u00e9mentaire \u00e0 un mode de vie sain.<\/p>\n","protected":false},"excerpt":{"rendered":"<p>Compl\u00e9ment nutritionnel drainant et sati\u00e9tant<\/p>\n","protected":false},"featured_media":2994,"template":"","meta":[],"product_brand":[],"product_cat":[133],"product_tag":[],"class_list":{"0":"post-3441","1":"product","2":"type-product","3":"status-publish","4":"has-post-thumbnail","6":"product_cat-esthetique","8":"first","9":"instock","10":"featured","11":"taxable","12":"shipping-taxable","13":"purchasable","14":"product-type-simple"},"yoast_head":"<!-- This site is optimized with the Yoast SEO plugin v27.2 - https:\/\/yoast.com\/product\/yoast-seo-wordpress\/ -->\n<title>MINCEUR TRI-ACTION - Ma Vie Sant\u00e9<\/title>\n<meta name=\"robots\" content=\"index, follow, max-snippet:-1, max-image-preview:large, max-video-preview:-1\" \/>\n<link rel=\"canonical\" href=\"https:\/\/esthetiquemaviesante.fr\/fr\/product\/minceur-tri-action\/\" \/>\n<meta property=\"og:locale\" content=\"fr_FR\" \/>\n<meta property=\"og:type\" content=\"article\" \/>\n<meta property=\"og:title\" content=\"MINCEUR TRI-ACTION - Ma Vie Sant\u00e9\" \/>\n<meta property=\"og:description\" content=\"Compl\u00e9ment nutritionnel drainant et sati\u00e9tant\" \/>\n<meta property=\"og:url\" content=\"https:\/\/esthetiquemaviesante.fr\/fr\/product\/minceur-tri-action\/\" \/>\n<meta property=\"og:site_name\" content=\"Ma Vie Sant\u00e9\" \/>\n<meta property=\"article:modified_time\" content=\"2024-03-24T19:26:59+00:00\" \/>\n<meta property=\"og:image\" content=\"https:\/\/esthetiquemaviesante.fr\/wp-content\/uploads\/2024\/03\/5.png\" \/>\n\t<meta property=\"og:image:width\" content=\"555\" \/>\n\t<meta property=\"og:image:height\" content=\"555\" \/>\n\t<meta property=\"og:image:type\" content=\"image\/png\" \/>\n<meta name=\"twitter:card\" content=\"summary_large_image\" \/>\n<meta name=\"twitter:label1\" content=\"Dur\u00e9e de lecture estim\u00e9e\" \/>\n\t<meta name=\"twitter:data1\" content=\"1 minute\" \/>\n<script type=\"application\/ld+json\" class=\"yoast-schema-graph\">{\"@context\":\"https:\/\/schema.org\",\"@graph\":[{\"@type\":\"WebPage\",\"@id\":\"https:\/\/esthetiquemaviesante.fr\/fr\/product\/minceur-tri-action\/\",\"url\":\"https:\/\/esthetiquemaviesante.fr\/fr\/product\/minceur-tri-action\/\",\"name\":\"MINCEUR TRI-ACTION - Ma Vie Sant\u00e9\",\"isPartOf\":{\"@id\":\"https:\/\/esthetiquemaviesante.fr\/fr\/#website\"},\"primaryImageOfPage\":{\"@id\":\"https:\/\/esthetiquemaviesante.fr\/fr\/product\/minceur-tri-action\/#primaryimage\"},\"image\":{\"@id\":\"https:\/\/esthetiquemaviesante.fr\/fr\/product\/minceur-tri-action\/#primaryimage\"},\"thumbnailUrl\":\"https:\/\/esthetiquemaviesante.fr\/wp-content\/uploads\/2024\/03\/5.png\",\"datePublished\":\"2024-03-01T09:46:28+00:00\",\"dateModified\":\"2024-03-24T19:26:59+00:00\",\"breadcrumb\":{\"@id\":\"https:\/\/esthetiquemaviesante.fr\/fr\/product\/minceur-tri-action\/#breadcrumb\"},\"inLanguage\":\"fr-FR\",\"potentialAction\":[{\"@type\":\"ReadAction\",\"target\":[\"https:\/\/esthetiquemaviesante.fr\/fr\/product\/minceur-tri-action\/\"]}]},{\"@type\":\"ImageObject\",\"inLanguage\":\"fr-FR\",\"@id\":\"https:\/\/esthetiquemaviesante.fr\/fr\/product\/minceur-tri-action\/#primaryimage\",\"url\":\"https:\/\/esthetiquemaviesante.fr\/wp-content\/uploads\/2024\/03\/5.png\",\"contentUrl\":\"https:\/\/esthetiquemaviesante.fr\/wp-content\/uploads\/2024\/03\/5.png\",\"width\":555,\"height\":555},{\"@type\":\"BreadcrumbList\",\"@id\":\"https:\/\/esthetiquemaviesante.fr\/fr\/product\/minceur-tri-action\/#breadcrumb\",\"itemListElement\":[{\"@type\":\"ListItem\",\"position\":1,\"name\":\"Portada\",\"item\":\"https:\/\/esthetiquemaviesante.fr\/fr\/\"},{\"@type\":\"ListItem\",\"position\":2,\"name\":\"Boutique\",\"item\":\"https:\/\/esthetiquemaviesante.fr\/fr\/boutique\/\"},{\"@type\":\"ListItem\",\"position\":3,\"name\":\"MINCEUR TRI-ACTION\"}]},{\"@type\":\"WebSite\",\"@id\":\"https:\/\/esthetiquemaviesante.fr\/fr\/#website\",\"url\":\"https:\/\/esthetiquemaviesante.fr\/fr\/\",\"name\":\"Ma Vie Sant\u00e9\",\"description\":\"Centro m\u00e9dico est\u00e9tico\",\"potentialAction\":[{\"@type\":\"SearchAction\",\"target\":{\"@type\":\"EntryPoint\",\"urlTemplate\":\"https:\/\/esthetiquemaviesante.fr\/fr\/?s={search_term_string}\"},\"query-input\":{\"@type\":\"PropertyValueSpecification\",\"valueRequired\":true,\"valueName\":\"search_term_string\"}}],\"inLanguage\":\"fr-FR\"}]}<\/script>\n<!-- \/ Yoast SEO plugin. -->","yoast_head_json":{"title":"MINCEUR TRI-ACTION - Ma Vie Sant\u00e9","robots":{"index":"index","follow":"follow","max-snippet":"max-snippet:-1","max-image-preview":"max-image-preview:large","max-video-preview":"max-video-preview:-1"},"canonical":"https:\/\/esthetiquemaviesante.fr\/fr\/product\/minceur-tri-action\/","og_locale":"fr_FR","og_type":"article","og_title":"MINCEUR TRI-ACTION - Ma Vie Sant\u00e9","og_description":"Compl\u00e9ment nutritionnel drainant et sati\u00e9tant","og_url":"https:\/\/esthetiquemaviesante.fr\/fr\/product\/minceur-tri-action\/","og_site_name":"Ma Vie Sant\u00e9","article_modified_time":"2024-03-24T19:26:59+00:00","og_image":[{"width":555,"height":555,"url":"https:\/\/esthetiquemaviesante.fr\/wp-content\/uploads\/2024\/03\/5.png","type":"image\/png"}],"twitter_card":"summary_large_image","twitter_misc":{"Dur\u00e9e de lecture estim\u00e9e":"1 minute"},"schema":{"@context":"https:\/\/schema.org","@graph":[{"@type":"WebPage","@id":"https:\/\/esthetiquemaviesante.fr\/fr\/product\/minceur-tri-action\/","url":"https:\/\/esthetiquemaviesante.fr\/fr\/product\/minceur-tri-action\/","name":"MINCEUR TRI-ACTION - Ma Vie Sant\u00e9","isPartOf":{"@id":"https:\/\/esthetiquemaviesante.fr\/fr\/#website"},"primaryImageOfPage":{"@id":"https:\/\/esthetiquemaviesante.fr\/fr\/product\/minceur-tri-action\/#primaryimage"},"image":{"@id":"https:\/\/esthetiquemaviesante.fr\/fr\/product\/minceur-tri-action\/#primaryimage"},"thumbnailUrl":"https:\/\/esthetiquemaviesante.fr\/wp-content\/uploads\/2024\/03\/5.png","datePublished":"2024-03-01T09:46:28+00:00","dateModified":"2024-03-24T19:26:59+00:00","breadcrumb":{"@id":"https:\/\/esthetiquemaviesante.fr\/fr\/product\/minceur-tri-action\/#breadcrumb"},"inLanguage":"fr-FR","potentialAction":[{"@type":"ReadAction","target":["https:\/\/esthetiquemaviesante.fr\/fr\/product\/minceur-tri-action\/"]}]},{"@type":"ImageObject","inLanguage":"fr-FR","@id":"https:\/\/esthetiquemaviesante.fr\/fr\/product\/minceur-tri-action\/#primaryimage","url":"https:\/\/esthetiquemaviesante.fr\/wp-content\/uploads\/2024\/03\/5.png","contentUrl":"https:\/\/esthetiquemaviesante.fr\/wp-content\/uploads\/2024\/03\/5.png","width":555,"height":555},{"@type":"BreadcrumbList","@id":"https:\/\/esthetiquemaviesante.fr\/fr\/product\/minceur-tri-action\/#breadcrumb","itemListElement":[{"@type":"ListItem","position":1,"name":"Portada","item":"https:\/\/esthetiquemaviesante.fr\/fr\/"},{"@type":"ListItem","position":2,"name":"Boutique","item":"https:\/\/esthetiquemaviesante.fr\/fr\/boutique\/"},{"@type":"ListItem","position":3,"name":"MINCEUR TRI-ACTION"}]},{"@type":"WebSite","@id":"https:\/\/esthetiquemaviesante.fr\/fr\/#website","url":"https:\/\/esthetiquemaviesante.fr\/fr\/","name":"Ma Vie Sant\u00e9","description":"Centro m\u00e9dico est\u00e9tico","potentialAction":[{"@type":"SearchAction","target":{"@type":"EntryPoint","urlTemplate":"https:\/\/esthetiquemaviesante.fr\/fr\/?s={search_term_string}"},"query-input":{"@type":"PropertyValueSpecification","valueRequired":true,"valueName":"search_term_string"}}],"inLanguage":"fr-FR"}]}},"_links":{"self":[{"href":"https:\/\/esthetiquemaviesante.fr\/fr\/wp-json\/wp\/v2\/product\/3441","targetHints":{"allow":["GET"]}}],"collection":[{"href":"https:\/\/esthetiquemaviesante.fr\/fr\/wp-json\/wp\/v2\/product"}],"about":[{"href":"https:\/\/esthetiquemaviesante.fr\/fr\/wp-json\/wp\/v2\/types\/product"}],"wp:featuredmedia":[{"embeddable":true,"href":"https:\/\/esthetiquemaviesante.fr\/fr\/wp-json\/wp\/v2\/media\/2994"}],"wp:attachment":[{"href":"https:\/\/esthetiquemaviesante.fr\/fr\/wp-json\/wp\/v2\/media?parent=3441"}],"wp:term":[{"taxonomy":"product_brand","embeddable":true,"href":"https:\/\/esthetiquemaviesante.fr\/fr\/wp-json\/wp\/v2\/product_brand?post=3441"},{"taxonomy":"product_cat","embeddable":true,"href":"https:\/\/esthetiquemaviesante.fr\/fr\/wp-json\/wp\/v2\/product_cat?post=3441"},{"taxonomy":"product_tag","embeddable":true,"href":"https:\/\/esthetiquemaviesante.fr\/fr\/wp-json\/wp\/v2\/product_tag?post=3441"}],"curies":[{"name":"wp","href":"https:\/\/api.w.org\/{rel}","templated":true}]}}