{"id":3206,"date":"2024-01-18T08:52:05","date_gmt":"2024-01-18T07:52:05","guid":{"rendered":"https:\/\/esthetiquemaviesante.fr\/kit-digital\/"},"modified":"2024-12-03T10:08:03","modified_gmt":"2024-12-03T09:08:03","slug":"kit-digital","status":"publish","type":"page","link":"https:\/\/esthetiquemaviesante.fr\/fr\/kit-digital\/","title":{"rendered":"Kit Digital"},"content":{"rendered":"<div class=\"fusion-fullwidth fullwidth-box fusion-builder-row-1 fusion-flex-container has-pattern-background has-mask-background nonhundred-percent-fullwidth non-hundred-percent-height-scrolling\" style=\"--awb-border-radius-top-left:0px;--awb-border-radius-top-right:0px;--awb-border-radius-bottom-right:0px;--awb-border-radius-bottom-left:0px;--awb-padding-top:48px;--awb-flex-wrap:wrap;\" ><div class=\"fusion-builder-row fusion-row fusion-flex-align-items-flex-start fusion-flex-content-wrap\" style=\"max-width:1248px;margin-left: calc(-4% \/ 2 );margin-right: calc(-4% \/ 2 );\"><div class=\"fusion-layout-column fusion_builder_column fusion-builder-column-0 fusion_builder_column_1_1 1_1 fusion-flex-column\" style=\"--awb-bg-size:cover;--awb-width-large:100%;--awb-margin-top-large:0px;--awb-spacing-right-large:1.92%;--awb-margin-bottom-large:59px;--awb-spacing-left-large:1.92%;--awb-width-medium:100%;--awb-order-medium:0;--awb-spacing-right-medium:1.92%;--awb-spacing-left-medium:1.92%;--awb-width-small:100%;--awb-order-small:0;--awb-spacing-right-small:1.92%;--awb-spacing-left-small:1.92%;\"><div class=\"fusion-column-wrapper fusion-column-has-shadow fusion-flex-justify-content-flex-start fusion-content-layout-column\"><div class=\"fusion-text fusion-text-1\"><p style=\"text-align: center; font-size: 14px; color: var(--awb-color4);\" data-fusion-font=\"true\"><b style=\"font-size: 26px;\" data-fusion-font=\"true\">KIT DIGITAL<\/b><\/p>\n<p style=\"font-size: 14px;\" data-fusion-font=\"true\">Financ\u00e9 par l\u2019Union europ\u00e9enne \u2013 NextGenerationEU. Cependant, les points de vue et opinions exprim\u00e9s sont uniquement ceux du ou des auteurs et ne refl\u00e8tent pas n\u00e9cessairement ceux de l\u2019Union europ\u00e9enne ou de la Commission europ\u00e9enne. Ni l&rsquo;Union europ\u00e9enne ni la Commission europ\u00e9enne ne peuvent en \u00eatre tenues responsables.<\/p>\n<p style=\"font-size: 14px;\" data-fusion-font=\"true\">\n<p style=\"font-size: 14px;\" data-fusion-font=\"true\">\n<\/div><div class=\"fusion-image-element \" style=\"--awb-caption-title-font-family:var(--h2_typography-font-family);--awb-caption-title-font-weight:var(--h2_typography-font-weight);--awb-caption-title-font-style:var(--h2_typography-font-style);--awb-caption-title-size:var(--h2_typography-font-size);--awb-caption-title-transform:var(--h2_typography-text-transform);--awb-caption-title-line-height:var(--h2_typography-line-height);--awb-caption-title-letter-spacing:var(--h2_typography-letter-spacing);\"><span class=\" fusion-imageframe imageframe-none imageframe-1 hover-type-none\"><img decoding=\"async\" width=\"2048\" height=\"237\" title=\"kit-digital-logo2064x239-2048&#215;237-1\" src=\"https:\/\/esthetiquemaviesante.fr\/wp-content\/uploads\/2024\/01\/kit-digital-logo2064x239-2048x237-1.png\" data-orig-src=\"https:\/\/esthetiquemaviesante.fr\/wp-content\/uploads\/2024\/01\/kit-digital-logo2064x239-2048x237-1.png\" alt class=\"lazyload img-responsive wp-image-2923\" srcset=\"data:image\/svg+xml,%3Csvg%20xmlns%3D%27http%3A%2F%2Fwww.w3.org%2F2000%2Fsvg%27%20width%3D%272048%27%20height%3D%27237%27%20viewBox%3D%270%200%202048%20237%27%3E%3Crect%20width%3D%272048%27%20height%3D%27237%27%20fill-opacity%3D%220%22%2F%3E%3C%2Fsvg%3E\" data-srcset=\"https:\/\/esthetiquemaviesante.fr\/wp-content\/uploads\/2024\/01\/kit-digital-logo2064x239-2048x237-1-200x23.png 200w, https:\/\/esthetiquemaviesante.fr\/wp-content\/uploads\/2024\/01\/kit-digital-logo2064x239-2048x237-1-400x46.png 400w, https:\/\/esthetiquemaviesante.fr\/wp-content\/uploads\/2024\/01\/kit-digital-logo2064x239-2048x237-1-600x69.png 600w, https:\/\/esthetiquemaviesante.fr\/wp-content\/uploads\/2024\/01\/kit-digital-logo2064x239-2048x237-1-800x93.png 800w, https:\/\/esthetiquemaviesante.fr\/wp-content\/uploads\/2024\/01\/kit-digital-logo2064x239-2048x237-1-1200x139.png 1200w, https:\/\/esthetiquemaviesante.fr\/wp-content\/uploads\/2024\/01\/kit-digital-logo2064x239-2048x237-1.png 2048w\" data-sizes=\"auto\" data-orig-sizes=\"(max-width: 1024px) 100vw, (max-width: 640px) 100vw, 1200px\" \/><\/span><\/div><\/div><\/div><\/div><\/div>\n","protected":false},"excerpt":{"rendered":"","protected":false},"author":5,"featured_media":0,"parent":0,"menu_order":4000,"comment_status":"open","ping_status":"closed","template":"100-width.php","meta":{"footnotes":""},"class_list":["post-3206","page","type-page","status-publish","hentry"],"yoast_head":"<!-- This site is optimized with the Yoast SEO plugin v27.2 - https:\/\/yoast.com\/product\/yoast-seo-wordpress\/ -->\n<title>Kit Digital - Ma Vie Sant\u00e9<\/title>\n<meta name=\"robots\" content=\"noindex, nofollow\" \/>\n<meta property=\"og:locale\" content=\"fr_FR\" \/>\n<meta property=\"og:type\" content=\"article\" \/>\n<meta property=\"og:title\" content=\"Kit Digital - Ma Vie Sant\u00e9\" \/>\n<meta property=\"og:url\" content=\"https:\/\/esthetiquemaviesante.fr\/fr\/kit-digital\/\" \/>\n<meta property=\"og:site_name\" content=\"Ma Vie Sant\u00e9\" \/>\n<meta property=\"article:modified_time\" content=\"2024-12-03T09:08:03+00:00\" \/>\n<meta name=\"twitter:card\" content=\"summary_large_image\" \/>\n<meta name=\"twitter:label1\" content=\"Dur\u00e9e de lecture estim\u00e9e\" \/>\n\t<meta name=\"twitter:data1\" content=\"1 minute\" \/>\n<script type=\"application\/ld+json\" class=\"yoast-schema-graph\">{\"@context\":\"https:\/\/schema.org\",\"@graph\":[{\"@type\":\"WebPage\",\"@id\":\"https:\/\/esthetiquemaviesante.fr\/fr\/kit-digital\/\",\"url\":\"https:\/\/esthetiquemaviesante.fr\/fr\/kit-digital\/\",\"name\":\"Kit Digital - Ma Vie Sant\u00e9\",\"isPartOf\":{\"@id\":\"https:\/\/esthetiquemaviesante.fr\/fr\/#website\"},\"datePublished\":\"2024-01-18T07:52:05+00:00\",\"dateModified\":\"2024-12-03T09:08:03+00:00\",\"breadcrumb\":{\"@id\":\"https:\/\/esthetiquemaviesante.fr\/fr\/kit-digital\/#breadcrumb\"},\"inLanguage\":\"fr-FR\",\"potentialAction\":[{\"@type\":\"ReadAction\",\"target\":[\"https:\/\/esthetiquemaviesante.fr\/fr\/kit-digital\/\"]}]},{\"@type\":\"BreadcrumbList\",\"@id\":\"https:\/\/esthetiquemaviesante.fr\/fr\/kit-digital\/#breadcrumb\",\"itemListElement\":[{\"@type\":\"ListItem\",\"position\":1,\"name\":\"Portada\",\"item\":\"https:\/\/esthetiquemaviesante.fr\/fr\/\"},{\"@type\":\"ListItem\",\"position\":2,\"name\":\"Kit Digital\"}]},{\"@type\":\"WebSite\",\"@id\":\"https:\/\/esthetiquemaviesante.fr\/fr\/#website\",\"url\":\"https:\/\/esthetiquemaviesante.fr\/fr\/\",\"name\":\"Ma Vie Sant\u00e9\",\"description\":\"Centro m\u00e9dico est\u00e9tico\",\"potentialAction\":[{\"@type\":\"SearchAction\",\"target\":{\"@type\":\"EntryPoint\",\"urlTemplate\":\"https:\/\/esthetiquemaviesante.fr\/fr\/?s={search_term_string}\"},\"query-input\":{\"@type\":\"PropertyValueSpecification\",\"valueRequired\":true,\"valueName\":\"search_term_string\"}}],\"inLanguage\":\"fr-FR\"}]}<\/script>\n<!-- \/ Yoast SEO plugin. -->","yoast_head_json":{"title":"Kit Digital - Ma Vie Sant\u00e9","robots":{"index":"noindex","follow":"nofollow"},"og_locale":"fr_FR","og_type":"article","og_title":"Kit Digital - Ma Vie Sant\u00e9","og_url":"https:\/\/esthetiquemaviesante.fr\/fr\/kit-digital\/","og_site_name":"Ma Vie Sant\u00e9","article_modified_time":"2024-12-03T09:08:03+00:00","twitter_card":"summary_large_image","twitter_misc":{"Dur\u00e9e de lecture estim\u00e9e":"1 minute"},"schema":{"@context":"https:\/\/schema.org","@graph":[{"@type":"WebPage","@id":"https:\/\/esthetiquemaviesante.fr\/fr\/kit-digital\/","url":"https:\/\/esthetiquemaviesante.fr\/fr\/kit-digital\/","name":"Kit Digital - Ma Vie Sant\u00e9","isPartOf":{"@id":"https:\/\/esthetiquemaviesante.fr\/fr\/#website"},"datePublished":"2024-01-18T07:52:05+00:00","dateModified":"2024-12-03T09:08:03+00:00","breadcrumb":{"@id":"https:\/\/esthetiquemaviesante.fr\/fr\/kit-digital\/#breadcrumb"},"inLanguage":"fr-FR","potentialAction":[{"@type":"ReadAction","target":["https:\/\/esthetiquemaviesante.fr\/fr\/kit-digital\/"]}]},{"@type":"BreadcrumbList","@id":"https:\/\/esthetiquemaviesante.fr\/fr\/kit-digital\/#breadcrumb","itemListElement":[{"@type":"ListItem","position":1,"name":"Portada","item":"https:\/\/esthetiquemaviesante.fr\/fr\/"},{"@type":"ListItem","position":2,"name":"Kit Digital"}]},{"@type":"WebSite","@id":"https:\/\/esthetiquemaviesante.fr\/fr\/#website","url":"https:\/\/esthetiquemaviesante.fr\/fr\/","name":"Ma Vie Sant\u00e9","description":"Centro m\u00e9dico est\u00e9tico","potentialAction":[{"@type":"SearchAction","target":{"@type":"EntryPoint","urlTemplate":"https:\/\/esthetiquemaviesante.fr\/fr\/?s={search_term_string}"},"query-input":{"@type":"PropertyValueSpecification","valueRequired":true,"valueName":"search_term_string"}}],"inLanguage":"fr-FR"}]}},"_links":{"self":[{"href":"https:\/\/esthetiquemaviesante.fr\/fr\/wp-json\/wp\/v2\/pages\/3206","targetHints":{"allow":["GET"]}}],"collection":[{"href":"https:\/\/esthetiquemaviesante.fr\/fr\/wp-json\/wp\/v2\/pages"}],"about":[{"href":"https:\/\/esthetiquemaviesante.fr\/fr\/wp-json\/wp\/v2\/types\/page"}],"author":[{"embeddable":true,"href":"https:\/\/esthetiquemaviesante.fr\/fr\/wp-json\/wp\/v2\/users\/5"}],"replies":[{"embeddable":true,"href":"https:\/\/esthetiquemaviesante.fr\/fr\/wp-json\/wp\/v2\/comments?post=3206"}],"version-history":[{"count":1,"href":"https:\/\/esthetiquemaviesante.fr\/fr\/wp-json\/wp\/v2\/pages\/3206\/revisions"}],"predecessor-version":[{"id":3474,"href":"https:\/\/esthetiquemaviesante.fr\/fr\/wp-json\/wp\/v2\/pages\/3206\/revisions\/3474"}],"wp:attachment":[{"href":"https:\/\/esthetiquemaviesante.fr\/fr\/wp-json\/wp\/v2\/media?parent=3206"}],"curies":[{"name":"wp","href":"https:\/\/api.w.org\/{rel}","templated":true}]}}