{"id":3202,"date":"2023-11-02T08:44:09","date_gmt":"2023-11-02T07:44:09","guid":{"rendered":"https:\/\/esthetiquemaviesante.fr\/nota-legal\/"},"modified":"2024-12-03T10:02:20","modified_gmt":"2024-12-03T09:02:20","slug":"avertissement-legales","status":"publish","type":"page","link":"https:\/\/esthetiquemaviesante.fr\/fr\/avertissement-legales\/","title":{"rendered":"Avertissement l\u00e9gal"},"content":{"rendered":"<div class=\"fusion-fullwidth fullwidth-box fusion-builder-row-1 fusion-flex-container nonhundred-percent-fullwidth non-hundred-percent-height-scrolling\" style=\"--awb-background-position:left top;--awb-border-sizes-top:0px;--awb-border-sizes-bottom:0px;--awb-border-sizes-left:0px;--awb-border-sizes-right:0px;--awb-border-radius-top-left:0px;--awb-border-radius-top-right:0px;--awb-border-radius-bottom-right:0px;--awb-border-radius-bottom-left:0px;--awb-padding-top:70px;--awb-padding-bottom:60px;--awb-padding-top-medium:60px;--awb-padding-top-small:80px;--awb-padding-bottom-small:30px;--awb-background-color:var(--awb-color1);--awb-flex-wrap:wrap;\" ><div class=\"fusion-builder-row fusion-row fusion-flex-align-items-flex-start fusion-flex-content-wrap\" style=\"max-width:1248px;margin-left: calc(-4% \/ 2 );margin-right: calc(-4% \/ 2 );\"><div class=\"fusion-layout-column fusion_builder_column fusion-builder-column-0 fusion_builder_column_1_1 1_1 fusion-flex-column\" style=\"--awb-bg-blend:overlay;--awb-bg-size:cover;--awb-width-large:100%;--awb-margin-top-large:0px;--awb-spacing-right-large:1.92%;--awb-margin-bottom-large:20px;--awb-spacing-left-large:1.92%;--awb-width-medium:100%;--awb-spacing-right-medium:1.92%;--awb-spacing-left-medium:1.92%;--awb-width-small:100%;--awb-spacing-right-small:1.92%;--awb-spacing-left-small:1.92%;\"><div class=\"fusion-column-wrapper fusion-flex-justify-content-flex-start fusion-content-layout-column\"><div class=\"fusion-title title fusion-title-1 fusion-title-center fusion-title-text fusion-title-size-div\" style=\"--awb-text-color:var(--awb-color5);--awb-margin-top-small:0px;--awb-margin-bottom-small:20px;--awb-font-size:var(--awb-typography2-font-size);\"><div class=\"title-sep-container title-sep-container-left\"><div class=\"title-sep sep- sep-solid\" style=\"border-color:var(--awb-color3);\"><\/div><\/div><span class=\"awb-title-spacer\"><\/span><div class=\"fusion-title-heading title-heading-center title-heading-tag\" style=\"font-family:var(--awb-typography2-font-family);font-weight:var(--awb-typography2-font-weight);font-style:var(--awb-typography2-font-style);margin:0;letter-spacing:var(--awb-typography2-letter-spacing);text-transform:var(--awb-typography2-text-transform);font-size:1em;line-height:var(--awb-typography2-line-height);\"><p class=\"p1\">AVERTISSEMENT L\u00c9GAL<\/p><\/div><span class=\"awb-title-spacer\"><\/span><div class=\"title-sep-container title-sep-container-right\"><div class=\"title-sep sep- sep-solid\" style=\"border-color:var(--awb-color3);\"><\/div><\/div><\/div><div class=\"fusion-separator\" style=\"align-self: center;margin-left: auto;margin-right: auto;margin-top:5px;margin-bottom:20px;width:100%;max-width:30px;\"><div class=\"fusion-separator-border sep-single sep-solid\" style=\"--awb-height:20px;--awb-amount:20px;border-color:var(--awb-color5);border-top-width:1px;\"><\/div><\/div><div class=\"fusion-title title fusion-title-2 fusion-title-center fusion-title-text fusion-title-size-four\" style=\"--awb-margin-top-small:0px;--awb-margin-bottom-small:20px;--awb-font-size:var(--awb-custom_typography_1-font-size);\"><div class=\"title-sep-container title-sep-container-left\"><div class=\"title-sep sep- sep-solid\" style=\"border-color:var(--awb-color3);\"><\/div><\/div><span class=\"awb-title-spacer\"><\/span><h4 class=\"fusion-title-heading title-heading-center\" style=\"font-family:var(--awb-custom_typography_1-font-family);font-weight:var(--awb-custom_typography_1-font-weight);font-style:var(--awb-custom_typography_1-font-style);margin:0;letter-spacing:var(--awb-custom_typography_1-letter-spacing);text-transform:var(--awb-custom_typography_1-text-transform);font-size:1em;line-height:var(--awb-custom_typography_1-line-height);\"><\/h4><span class=\"awb-title-spacer\"><\/span><div class=\"title-sep-container title-sep-container-right\"><div class=\"title-sep sep- sep-solid\" style=\"border-color:var(--awb-color3);\"><\/div><\/div><\/div><div class=\"fusion-text fusion-text-1\"><p style=\"text-align: center; font-size: 14px;\" data-fusion-font=\"true\">LOI SUR LES SERVICES DE LA SOCI\u00c9T\u00c9 DE L&rsquo;INFORMATION (LSSI)<\/p>\n<p style=\"font-size: 14px;\" data-fusion-font=\"true\">SERVMADIMED, S.L., responsable du site web, ci-apr\u00e8s d\u00e9nomm\u00e9 le RESPONSABLE, met \u00e0 la disposition des utilisateurs le pr\u00e9sent document afin de se conformer aux obligations \u00e9nonc\u00e9es dans la Loi 34\/2002, du 11 juillet, sur les services de la soci\u00e9t\u00e9 de l&rsquo;information et du commerce \u00e9lectronique (LSSICE), BOE N.\u00ba 166, ainsi que d&rsquo;informer tous les utilisateurs du site web sur les conditions d&rsquo;utilisation.<\/p>\n<p style=\"font-size: 14px;\" data-fusion-font=\"true\">Toute personne acc\u00e9dant \u00e0 ce site web assume le r\u00f4le d&rsquo;utilisateur, s&rsquo;engageant \u00e0 respecter et \u00e0 observer strictement les dispositions ici \u00e9nonc\u00e9es, ainsi que toute autre disposition l\u00e9gale applicable.<\/p>\n<p style=\"font-size: 14px;\" data-fusion-font=\"true\">SERVMADIMED, S.L. se r\u00e9serve le droit de modifier toute information pouvant appara\u00eetre sur le site web, sans qu&rsquo;il soit n\u00e9cessaire d&rsquo;avertir ou de notifier aux utilisateurs ces modifications, la publication sur le site web de SERVMADIMED, S.L. \u00e9tant consid\u00e9r\u00e9e comme suffisante.<\/p>\n<p style=\"color: var(--awb-color4); font-size: 14px;\" data-fusion-font=\"true\">\n<p style=\"color: var(--awb-color4); font-size: 14px;\" data-fusion-font=\"true\"><span style=\"color: var(--awb-text-color); font-family: var(--awb-text-font-family); font-size: 14px; font-style: var(--awb-text-font-style); letter-spacing: var(--awb-letter-spacing); text-align: var(--awb-content-alignment); text-transform: var(--awb-text-transform); background-color: var(--awb-bg-color-hover);\" data-fusion-font=\"true\"><b>1. IDENTIFICATION<\/b><\/span><\/p>\n<p style=\"font-size: 14px;\" data-fusion-font=\"true\">Nom de domaine : http:\/\/esthetiquemaviesante.fr\/<\/p>\n<p style=\"font-size: 14px;\" data-fusion-font=\"true\">Raison sociale : SERVMADIMED, S.L.<\/p>\n<p style=\"font-size: 14px;\" data-fusion-font=\"true\">NIF : B04967865<\/p>\n<p style=\"font-size: 14px;\" data-fusion-font=\"true\">Adresse : C\/ RIU FRESER, 51 2\u00ba 1\u00ba 17003 GIRONA<\/p>\n<p style=\"font-size: 14px;\" data-fusion-font=\"true\">T\u00e9l\u00e9phone : 669 25 34 87<\/p>\n<p style=\"font-size: 14px;\" data-fusion-font=\"true\">E-mail : servmadimed@gmail.com<\/p>\n<p style=\"font-size: 14px;\" data-fusion-font=\"true\">Registre du commerce : REGISTRE MERCANTIL DE GIRONA TOMO 3325 LIBRO 0 TOMO 66 FOLIO GI69697 INSCRIP 1<\/p>\n<p>&nbsp;<\/p>\n<p><b><span style=\"background-color: var(--awb-bg-color-hover); color: var(--awb-color5); font-family: var(--awb-text-font-family); font-style: var(--awb-text-font-style); letter-spacing: var(--awb-letter-spacing); text-align: var(--awb-content-alignment); text-transform: var(--awb-text-transform); font-size: 14px;\"><span style=\"font-size: 14px; color: var(--awb-custom_color_1);\" data-fusion-font=\"true\">2. <\/span><\/span><span style=\"color: var(--awb-custom_color_1); font-family: var(--awb-text-font-family); font-size: 14px; font-style: var(--awb-text-font-style); letter-spacing: var(--awb-letter-spacing); text-align: var(--awb-content-alignment); text-transform: var(--awb-text-transform); background-color: var(--awb-bg-color-hover);\" data-fusion-font=\"true\">DROITS DE PROPRI\u00c9T\u00c9 INTELLECTUELLE ET INDUSTRIELLE<\/span><\/b><\/p>\n<p style=\"font-size: 14px;\" data-fusion-font=\"true\">Le site web, y compris, mais sans s&rsquo;y limiter, sa programmation, son \u00e9dition, sa compilation et les autres \u00e9l\u00e9ments n\u00e9cessaires \u00e0 son fonctionnement, les designs, logos, texte et\/ou graphiques, sont la propri\u00e9t\u00e9 du RESPONSABLE ou, le cas \u00e9ch\u00e9ant, font l&rsquo;objet d&rsquo;une licence ou d&rsquo;une autorisation expresse de la part des auteurs. Tous les contenus du site web sont d\u00fbment prot\u00e9g\u00e9s par la l\u00e9gislation sur la propri\u00e9t\u00e9 intellectuelle et industrielle, et sont enregistr\u00e9s dans les registres publics correspondants.<\/p>\n<p style=\"font-size: 14px;\" data-fusion-font=\"true\">Ind\u00e9pendamment de leur finalit\u00e9, toute reproduction totale ou partielle, utilisation, exploitation, distribution et commercialisation n\u00e9cessite dans tous les cas une autorisation \u00e9crite pr\u00e9alable du RESPONSABLE. Toute utilisation non autoris\u00e9e pr\u00e9alablement est consid\u00e9r\u00e9e comme une violation grave des droits de propri\u00e9t\u00e9 intellectuelle ou industrielle de l&rsquo;auteur.<\/p>\n<p style=\"font-size: 14px;\" data-fusion-font=\"true\">Les designs, logos, texte et\/ou graphiques qui ne sont pas la propri\u00e9t\u00e9 du RESPONSABLE et qui pourraient appara\u00eetre sur le site web appartiennent \u00e0 leurs propri\u00e9taires respectifs, ces derniers \u00e9tant responsables de toute controverse \u00e9ventuelle concernant les m\u00eames. Le RESPONSABLE autorise express\u00e9ment les tiers \u00e0 rediriger directement vers les contenus sp\u00e9cifiques du site web, et en tout \u00e9tat de cause \u00e0 rediriger vers le site web principal http:\/\/esthetiquemaviesante.fr.<\/p>\n<p style=\"font-size: 14px;\" data-fusion-font=\"true\">El RESPONSABLE reconna\u00eet aux titulaires les droits de propri\u00e9t\u00e9 intellectuelle et industrielle correspondants, leur simple mention ou apparition sur le site web n&rsquo;impliquant pas l&rsquo;existence de droits ou de responsabilit\u00e9 quelconque \u00e0 leur \u00e9gard, ni leur soutien, parrainage ou recommandation de la part du RESPONSABLE.<\/p>\n<p style=\"font-size: 14px;\" data-fusion-font=\"true\">Pour signaler toute violation \u00e9ventuelle des droits de propri\u00e9t\u00e9 intellectuelle ou industrielle, ainsi que sur l&rsquo;un quelconque des contenus du site web, vous pouvez le faire par e-mail \u00e0 l&rsquo;adresse servmadimed@gmail.com.<\/p>\n<p>&nbsp;<\/p>\n<p style=\"color: var(--awb-color4); font-size: 14px;\" data-fusion-font=\"true\"><b><span style=\"font-size: 14px;\" data-fusion-font=\"true\">3. <\/span><span style=\"color: var(--awb-text-color); font-family: var(--awb-text-font-family); font-size: 14px; font-style: var(--awb-text-font-style); letter-spacing: var(--awb-letter-spacing); text-align: var(--awb-content-alignment); text-transform: var(--awb-text-transform); background-color: var(--awb-bg-color-hover);\" data-fusion-font=\"true\">EXON\u00c9RATION DE RESPONSABILIT\u00c9<\/span><\/b><\/p>\n<p style=\"font-size: 14px;\" data-fusion-font=\"true\">Le RESPONSABLE se d\u00e9gage de toute responsabilit\u00e9 d\u00e9coulant des informations publi\u00e9es sur son site web, pour autant que ces informations aient \u00e9t\u00e9 manipul\u00e9es ou introduites par un tiers ext\u00e9rieur \u00e0 celui-ci.<\/p>\n<p style=\"font-size: 14px; color: var(--awb-custom_color_1);\" data-fusion-font=\"true\">Utilisation des cookies<\/p>\n<p style=\"font-size: 14px;\" data-fusion-font=\"true\">Ce site web peut utiliser des cookies techniques (de petits fichiers d&rsquo;information que le serveur envoie \u00e0 l&rsquo;ordinateur de l&rsquo;utilisateur acc\u00e9dant \u00e0 la page) pour effectuer certaines fonctions consid\u00e9r\u00e9es comme essentielles au bon fonctionnement et \u00e0 l&rsquo;affichage du site. Les cookies utilis\u00e9s ont toujours un caract\u00e8re temporaire, dans le seul but de faciliter la navigation, et disparaissent \u00e0 la fin de la session de l&rsquo;utilisateur. En aucun cas, ces cookies ne fournissent de donn\u00e9es personnelles par eux-m\u00eames et ne seront pas utilis\u00e9s pour les collecter.<\/p>\n<p style=\"font-size: 14px;\" data-fusion-font=\"true\">En utilisant des cookies, le serveur sur lequel se trouve le site Web peut \u00e9galement reconna\u00eetre le navigateur utilis\u00e9 par l&rsquo;utilisateur afin de faciliter la navigation, permettant par exemple l&rsquo;acc\u00e8s des utilisateurs d\u00e9j\u00e0 enregistr\u00e9s aux domaines, services, promotions ou concours qui leur sont exclusivement r\u00e9serv\u00e9s sans avoir \u00e0 s&rsquo;inscrire \u00e0 chaque visite. Ils peuvent \u00e9galement \u00eatre utilis\u00e9s pour mesurer l&rsquo;audience, les param\u00e8tres de trafic, contr\u00f4ler le progr\u00e8s et le nombre d&rsquo;entr\u00e9es, etc., dans ces cas, les cookies sont techniquement facultatifs mais b\u00e9n\u00e9fiques pour l&rsquo;utilisateur. Ce site web n&rsquo;installera pas de cookies facultatifs sans le consentement pr\u00e9alable de l&rsquo;utilisateur.<\/p>\n<p style=\"font-size: 14px;\" data-fusion-font=\"true\">Ce site web utilise des cookies analytiques pour activer la fonction de contr\u00f4le des visites uniques afin de faciliter la navigation de l&rsquo;utilisateur. Tout utilisateur visitant le site web est inform\u00e9 de l&rsquo;utilisation de ces cookies par le biais d&rsquo;une banni\u00e8re flottante, consid\u00e9rant que s&rsquo;il accepte le traitement, il est d&rsquo;accord avec leur utilisation. En cas d&rsquo;acceptation de leur utilisation, la banni\u00e8re dispara\u00eetra, mais \u00e0 tout moment, vous pourrez r\u00e9voquer votre consentement et obtenir plus d&rsquo;informations en consultant notre Politique de cookies.<\/p>\n<p><span style=\"color: var(--awb-text-color); font-family: var(--awb-text-font-family); font-size: 14px; font-style: var(--awb-text-font-style); font-weight: var(--awb-text-font-weight); letter-spacing: var(--awb-letter-spacing); text-align: var(--awb-content-alignment); text-transform: var(--awb-text-transform); background-color: var(--awb-bg-color-hover);\" data-fusion-font=\"true\">L&rsquo;utilisateur a la possibilit\u00e9 de configurer son navigateur pour \u00eatre averti de la r\u00e9ception de cookies et pour emp\u00eacher leur installation sur son \u00e9quipement. Veuillez consulter les instructions de votre navigateur pour obtenir plus d&rsquo;informations \u00e0 ce sujet.<\/span><\/p>\n<p style=\"font-size: 14px; color: var(--awb-color4);\" data-fusion-font=\"true\">Politique des liens<\/p>\n<p style=\"font-size: 14px;\" data-fusion-font=\"true\">Depuis le site Web, il est possible d&rsquo;\u00eatre redirig\u00e9 vers des contenus de sites Web tiers. \u00c9tant donn\u00e9 que le RESPONSABLE ne peut pas toujours contr\u00f4ler les contenus introduits par des tiers sur leurs sites Web respectifs, il n&rsquo;assume aucune responsabilit\u00e9 quant \u00e0 ces contenus. Dans tous les cas, il proc\u00e9dera imm\u00e9diatement au retrait de tout contenu pouvant contrevenir \u00e0 la l\u00e9gislation nationale ou internationale, \u00e0 la morale ou \u00e0 l&rsquo;ordre public, en retirant imm\u00e9diatement la redirection vers ledit site Web et en informant les autorit\u00e9s comp\u00e9tentes du contenu en question.<\/p>\n<p style=\"font-size: 14px;\" data-fusion-font=\"true\">Le RESPONSABLE n&rsquo;est pas responsable des informations et contenus stock\u00e9s, \u00e0 titre \u00e9nonciatif mais non limitatif, sur les forums, les chats, les g\u00e9n\u00e9rateurs de blogs, les commentaires, les r\u00e9seaux sociaux ou tout autre moyen permettant \u00e0 des tiers de publier des contenus de mani\u00e8re ind\u00e9pendante sur le site Web du RESPONSABLE. Cependant, et conform\u00e9ment aux dispositions des articles 11 et 16 de la LSSICE, toutes les parties, autorit\u00e9s et forces de s\u00e9curit\u00e9, sont \u00e0 la disposition de tous les utilisateurs, collaborant activement au retrait ou, le cas \u00e9ch\u00e9ant, au blocage de tous les contenus pouvant affecter ou contrevenir \u00e0 la l\u00e9gislation nationale ou internationale, aux droits des tiers ou \u00e0 la morale et \u00e0 l&rsquo;ordre public. Si l&rsquo;utilisateur estime qu&rsquo;il existe sur le site Web un contenu susceptible de relever de cette classification, il est pri\u00e9 d&rsquo;en informer imm\u00e9diatement l&rsquo;administrateur du site Web.<\/p>\n<p style=\"font-size: 14px;\" data-fusion-font=\"true\">Ce site Web a \u00e9t\u00e9 r\u00e9vis\u00e9 et test\u00e9 pour fonctionner correctement. En principe, un fonctionnement correct peut \u00eatre garanti 365 jours par an, 24 heures sur 24. Cependant, le RESPONSABLE n&rsquo;exclut pas la possibilit\u00e9 de certaines erreurs de programmation, ou que des cas de force majeure, des catastrophes naturelles, des gr\u00e8ves ou des circonstances similaires rendent impossible l&rsquo;acc\u00e8s au site Web.<\/p>\n<p style=\"font-size: 14px; color: var(--awb-color4);\" data-fusion-font=\"true\">Adresses IP<\/p>\n<p style=\"font-size: 14px;\" data-fusion-font=\"true\">Les serveurs du site Web peuvent d\u00e9tecter automatiquement l&rsquo;adresse IP et le nom de domaine utilis\u00e9s par l&rsquo;utilisateur. Une adresse IP est un num\u00e9ro attribu\u00e9 automatiquement \u00e0 un ordinateur lorsqu&rsquo;il se connecte \u00e0 Internet. Toutes ces informations sont enregistr\u00e9es dans un fichier d&rsquo;activit\u00e9 du serveur d\u00fbment enregistr\u00e9 qui permet le traitement ult\u00e9rieur des donn\u00e9es dans le but d&rsquo;obtenir uniquement des mesures statistiques permettant de conna\u00eetre le nombre d&rsquo;impressions de pages, le nombre de visites effectu\u00e9es sur les serveurs Web, l&rsquo;ordre des visites, le point d&rsquo;acc\u00e8s, etc.<\/p>\n<p>&nbsp;<\/p>\n<p style=\"color: var(--awb-color4); font-size: 14px;\" data-fusion-font=\"true\"><b><span style=\"font-size: 14px;\" data-fusion-font=\"true\">4. <\/span><span style=\"color: var(--awb-text-color); font-family: var(--awb-text-font-family); font-size: 14px; font-style: var(--awb-text-font-style); letter-spacing: var(--awb-letter-spacing); text-align: var(--awb-content-alignment); text-transform: var(--awb-text-transform); background-color: var(--awb-bg-color-hover);\" data-fusion-font=\"true\">LOI APPLICABLE ET JURIDICTION<\/span><\/b><\/p>\n<p><span style=\"font-size: 14px;\" data-fusion-font=\"true\">Pour la r\u00e9solution de tous les litiges ou questions li\u00e9s au pr\u00e9sent site Web ou aux activit\u00e9s qui y sont d\u00e9velopp\u00e9es, la l\u00e9gislation espagnole sera applicable, \u00e0 laquelle les parties se soumettent express\u00e9ment, les tribunaux comp\u00e9tents pour la r\u00e9solution de tous les conflits d\u00e9coulant ou li\u00e9s \u00e0 son utilisation \u00e9tant les tribunaux du domicile de l&rsquo;UTILISATEUR ou le lieu d&rsquo;ex\u00e9cution de l&rsquo;obligation.<\/span><\/p>\n<\/div><\/div><\/div><\/div><\/div>\n","protected":false},"excerpt":{"rendered":"","protected":false},"author":5,"featured_media":0,"parent":0,"menu_order":2000,"comment_status":"open","ping_status":"closed","template":"100-width.php","meta":{"footnotes":""},"class_list":["post-3202","page","type-page","status-publish","hentry"],"yoast_head":"<!-- This site is optimized with the Yoast SEO plugin v27.2 - https:\/\/yoast.com\/product\/yoast-seo-wordpress\/ -->\n<title>Avertissement l\u00e9gal - Ma Vie Sant\u00e9<\/title>\n<meta name=\"robots\" content=\"noindex, nofollow\" \/>\n<meta property=\"og:locale\" content=\"fr_FR\" \/>\n<meta property=\"og:type\" content=\"article\" \/>\n<meta property=\"og:title\" content=\"Avertissement l\u00e9gal - Ma Vie Sant\u00e9\" \/>\n<meta property=\"og:url\" content=\"https:\/\/esthetiquemaviesante.fr\/fr\/avertissement-legales\/\" \/>\n<meta property=\"og:site_name\" content=\"Ma Vie Sant\u00e9\" \/>\n<meta property=\"article:modified_time\" content=\"2024-12-03T09:02:20+00:00\" \/>\n<meta name=\"twitter:card\" content=\"summary_large_image\" \/>\n<meta name=\"twitter:label1\" content=\"Dur\u00e9e de lecture estim\u00e9e\" \/>\n\t<meta name=\"twitter:data1\" content=\"6 minutes\" \/>\n<script type=\"application\/ld+json\" class=\"yoast-schema-graph\">{\"@context\":\"https:\/\/schema.org\",\"@graph\":[{\"@type\":\"WebPage\",\"@id\":\"https:\/\/esthetiquemaviesante.fr\/fr\/avertissement-legales\/\",\"url\":\"https:\/\/esthetiquemaviesante.fr\/fr\/avertissement-legales\/\",\"name\":\"Avertissement l\u00e9gal - Ma Vie Sant\u00e9\",\"isPartOf\":{\"@id\":\"https:\/\/esthetiquemaviesante.fr\/fr\/#website\"},\"datePublished\":\"2023-11-02T07:44:09+00:00\",\"dateModified\":\"2024-12-03T09:02:20+00:00\",\"breadcrumb\":{\"@id\":\"https:\/\/esthetiquemaviesante.fr\/fr\/avertissement-legales\/#breadcrumb\"},\"inLanguage\":\"fr-FR\",\"potentialAction\":[{\"@type\":\"ReadAction\",\"target\":[\"https:\/\/esthetiquemaviesante.fr\/fr\/avertissement-legales\/\"]}]},{\"@type\":\"BreadcrumbList\",\"@id\":\"https:\/\/esthetiquemaviesante.fr\/fr\/avertissement-legales\/#breadcrumb\",\"itemListElement\":[{\"@type\":\"ListItem\",\"position\":1,\"name\":\"Portada\",\"item\":\"https:\/\/esthetiquemaviesante.fr\/fr\/\"},{\"@type\":\"ListItem\",\"position\":2,\"name\":\"Avertissement l\u00e9gal\"}]},{\"@type\":\"WebSite\",\"@id\":\"https:\/\/esthetiquemaviesante.fr\/fr\/#website\",\"url\":\"https:\/\/esthetiquemaviesante.fr\/fr\/\",\"name\":\"Ma Vie Sant\u00e9\",\"description\":\"Centro m\u00e9dico est\u00e9tico\",\"potentialAction\":[{\"@type\":\"SearchAction\",\"target\":{\"@type\":\"EntryPoint\",\"urlTemplate\":\"https:\/\/esthetiquemaviesante.fr\/fr\/?s={search_term_string}\"},\"query-input\":{\"@type\":\"PropertyValueSpecification\",\"valueRequired\":true,\"valueName\":\"search_term_string\"}}],\"inLanguage\":\"fr-FR\"}]}<\/script>\n<!-- \/ Yoast SEO plugin. -->","yoast_head_json":{"title":"Avertissement l\u00e9gal - Ma Vie Sant\u00e9","robots":{"index":"noindex","follow":"nofollow"},"og_locale":"fr_FR","og_type":"article","og_title":"Avertissement l\u00e9gal - Ma Vie Sant\u00e9","og_url":"https:\/\/esthetiquemaviesante.fr\/fr\/avertissement-legales\/","og_site_name":"Ma Vie Sant\u00e9","article_modified_time":"2024-12-03T09:02:20+00:00","twitter_card":"summary_large_image","twitter_misc":{"Dur\u00e9e de lecture estim\u00e9e":"6 minutes"},"schema":{"@context":"https:\/\/schema.org","@graph":[{"@type":"WebPage","@id":"https:\/\/esthetiquemaviesante.fr\/fr\/avertissement-legales\/","url":"https:\/\/esthetiquemaviesante.fr\/fr\/avertissement-legales\/","name":"Avertissement l\u00e9gal - Ma Vie Sant\u00e9","isPartOf":{"@id":"https:\/\/esthetiquemaviesante.fr\/fr\/#website"},"datePublished":"2023-11-02T07:44:09+00:00","dateModified":"2024-12-03T09:02:20+00:00","breadcrumb":{"@id":"https:\/\/esthetiquemaviesante.fr\/fr\/avertissement-legales\/#breadcrumb"},"inLanguage":"fr-FR","potentialAction":[{"@type":"ReadAction","target":["https:\/\/esthetiquemaviesante.fr\/fr\/avertissement-legales\/"]}]},{"@type":"BreadcrumbList","@id":"https:\/\/esthetiquemaviesante.fr\/fr\/avertissement-legales\/#breadcrumb","itemListElement":[{"@type":"ListItem","position":1,"name":"Portada","item":"https:\/\/esthetiquemaviesante.fr\/fr\/"},{"@type":"ListItem","position":2,"name":"Avertissement l\u00e9gal"}]},{"@type":"WebSite","@id":"https:\/\/esthetiquemaviesante.fr\/fr\/#website","url":"https:\/\/esthetiquemaviesante.fr\/fr\/","name":"Ma Vie Sant\u00e9","description":"Centro m\u00e9dico est\u00e9tico","potentialAction":[{"@type":"SearchAction","target":{"@type":"EntryPoint","urlTemplate":"https:\/\/esthetiquemaviesante.fr\/fr\/?s={search_term_string}"},"query-input":{"@type":"PropertyValueSpecification","valueRequired":true,"valueName":"search_term_string"}}],"inLanguage":"fr-FR"}]}},"_links":{"self":[{"href":"https:\/\/esthetiquemaviesante.fr\/fr\/wp-json\/wp\/v2\/pages\/3202","targetHints":{"allow":["GET"]}}],"collection":[{"href":"https:\/\/esthetiquemaviesante.fr\/fr\/wp-json\/wp\/v2\/pages"}],"about":[{"href":"https:\/\/esthetiquemaviesante.fr\/fr\/wp-json\/wp\/v2\/types\/page"}],"author":[{"embeddable":true,"href":"https:\/\/esthetiquemaviesante.fr\/fr\/wp-json\/wp\/v2\/users\/5"}],"replies":[{"embeddable":true,"href":"https:\/\/esthetiquemaviesante.fr\/fr\/wp-json\/wp\/v2\/comments?post=3202"}],"version-history":[{"count":1,"href":"https:\/\/esthetiquemaviesante.fr\/fr\/wp-json\/wp\/v2\/pages\/3202\/revisions"}],"predecessor-version":[{"id":3470,"href":"https:\/\/esthetiquemaviesante.fr\/fr\/wp-json\/wp\/v2\/pages\/3202\/revisions\/3470"}],"wp:attachment":[{"href":"https:\/\/esthetiquemaviesante.fr\/fr\/wp-json\/wp\/v2\/media?parent=3202"}],"curies":[{"name":"wp","href":"https:\/\/api.w.org\/{rel}","templated":true}]}}