{"id":3200,"date":"2024-03-01T12:16:23","date_gmt":"2024-03-01T11:16:23","guid":{"rendered":"https:\/\/esthetiquemaviesante.fr\/politica-privacidad\/"},"modified":"2024-12-03T10:10:52","modified_gmt":"2024-12-03T09:10:52","slug":"politique-confidentialite","status":"publish","type":"page","link":"https:\/\/esthetiquemaviesante.fr\/fr\/politique-confidentialite\/","title":{"rendered":"Politique de confidentialit\u00e9"},"content":{"rendered":"<div class=\"fusion-fullwidth fullwidth-box fusion-builder-row-1 fusion-flex-container nonhundred-percent-fullwidth non-hundred-percent-height-scrolling\" style=\"--awb-background-position:left top;--awb-border-sizes-top:0px;--awb-border-sizes-bottom:0px;--awb-border-sizes-left:0px;--awb-border-sizes-right:0px;--awb-border-radius-top-left:0px;--awb-border-radius-top-right:0px;--awb-border-radius-bottom-right:0px;--awb-border-radius-bottom-left:0px;--awb-padding-top:70px;--awb-padding-bottom:60px;--awb-padding-top-medium:60px;--awb-padding-top-small:80px;--awb-padding-bottom-small:30px;--awb-background-color:var(--awb-color1);--awb-flex-wrap:wrap;\" ><div class=\"fusion-builder-row fusion-row fusion-flex-align-items-flex-start fusion-flex-content-wrap\" style=\"max-width:1248px;margin-left: calc(-4% \/ 2 );margin-right: calc(-4% \/ 2 );\"><div class=\"fusion-layout-column fusion_builder_column fusion-builder-column-0 fusion_builder_column_1_1 1_1 fusion-flex-column\" style=\"--awb-bg-blend:overlay;--awb-bg-size:cover;--awb-width-large:100%;--awb-margin-top-large:0px;--awb-spacing-right-large:1.92%;--awb-margin-bottom-large:20px;--awb-spacing-left-large:1.92%;--awb-width-medium:100%;--awb-spacing-right-medium:1.92%;--awb-spacing-left-medium:1.92%;--awb-width-small:100%;--awb-spacing-right-small:1.92%;--awb-spacing-left-small:1.92%;\"><div class=\"fusion-column-wrapper fusion-flex-justify-content-flex-start fusion-content-layout-column\"><div class=\"fusion-title title fusion-title-1 fusion-title-center fusion-title-text fusion-title-size-div\" style=\"--awb-text-color:var(--awb-color5);--awb-margin-top-small:0px;--awb-margin-bottom-small:20px;--awb-font-size:var(--awb-typography2-font-size);\"><div class=\"title-sep-container title-sep-container-left\"><div class=\"title-sep sep- sep-solid\" style=\"border-color:var(--awb-color3);\"><\/div><\/div><span class=\"awb-title-spacer\"><\/span><div class=\"fusion-title-heading title-heading-center title-heading-tag\" style=\"font-family:var(--awb-typography2-font-family);font-weight:var(--awb-typography2-font-weight);font-style:var(--awb-typography2-font-style);margin:0;letter-spacing:var(--awb-typography2-letter-spacing);text-transform:var(--awb-typography2-text-transform);font-size:1em;line-height:var(--awb-typography2-line-height);\">POLITIQUE DE CONFIDENTIALIT\u00c9<\/div><span class=\"awb-title-spacer\"><\/span><div class=\"title-sep-container title-sep-container-right\"><div class=\"title-sep sep- sep-solid\" style=\"border-color:var(--awb-color3);\"><\/div><\/div><\/div><div class=\"fusion-separator\" style=\"align-self: center;margin-left: auto;margin-right: auto;margin-top:5px;margin-bottom:20px;width:100%;max-width:30px;\"><div class=\"fusion-separator-border sep-single sep-solid\" style=\"--awb-height:20px;--awb-amount:20px;border-color:var(--awb-color5);border-top-width:1px;\"><\/div><\/div><div class=\"fusion-title title fusion-title-2 fusion-title-center fusion-title-text fusion-title-size-four\" style=\"--awb-margin-top-small:0px;--awb-margin-bottom-small:20px;--awb-font-size:var(--awb-custom_typography_1-font-size);\"><div class=\"title-sep-container title-sep-container-left\"><div class=\"title-sep sep- sep-solid\" style=\"border-color:var(--awb-color3);\"><\/div><\/div><span class=\"awb-title-spacer\"><\/span><h4 class=\"fusion-title-heading title-heading-center\" style=\"font-family:var(--awb-custom_typography_1-font-family);font-weight:var(--awb-custom_typography_1-font-weight);font-style:var(--awb-custom_typography_1-font-style);margin:0;letter-spacing:var(--awb-custom_typography_1-letter-spacing);text-transform:var(--awb-custom_typography_1-text-transform);font-size:1em;line-height:var(--awb-custom_typography_1-line-height);\"><\/h4><span class=\"awb-title-spacer\"><\/span><div class=\"title-sep-container title-sep-container-right\"><div class=\"title-sep sep- sep-solid\" style=\"border-color:var(--awb-color3);\"><\/div><\/div><\/div><div class=\"fusion-text fusion-text-1\"><p><strong><span style=\"color: var(--awb-custom_color_1); font-family: var(--awb-text-font-family); font-size: var(--awb-font-size); font-style: var(--awb-text-font-style); letter-spacing: var(--awb-letter-spacing); text-align: var(--awb-content-alignment); text-transform: var(--awb-text-transform); background-color: var(--awb-bg-color);\">1. INFORMATION DE L&rsquo;UTILISATEUR<\/span><\/strong><\/p>\n<p style=\"color: var(--awb-custom_color_1);\">Qui est responsable du traitement de vos donn\u00e9es personnelles ?<\/p>\n<p>SERVMADIMED, S.L. est le RESPONSABLE du traitement des donn\u00e9es personnelles de l&rsquo;UTILISATEUR et l&rsquo;informe que ces donn\u00e9es seront trait\u00e9es conform\u00e9ment aux dispositions du R\u00e8glement (UE) 2016\/679, du 27 avril (GDPR), et de la Loi organique 3\/2018, du 5 d\u00e9cembre (LOPDGDD).<\/p>\n<p style=\"color: var(--awb-custom_color_1);\">Pourquoi traitons-nous vos donn\u00e9es personnelles ?<\/p>\n<p>Pour maintenir une relation commerciale avec l&rsquo;utilisateur. Les op\u00e9rations pr\u00e9vues pour effectuer le traitement sont les suivantes :<\/p>\n<ul>\n<li>Envoi de communications commerciales publicitaires par e-mail, fax, SMS, MMS, r\u00e9seaux sociaux ou tout autre moyen \u00e9lectronique ou physique, pr\u00e9sent ou futur, permettant de r\u00e9aliser des communications commerciales. Ces communications seront effectu\u00e9es par le RESPONSABLE et seront li\u00e9es \u00e0 ses produits et services, ou \u00e0 ceux de ses partenaires ou fournisseurs, avec lesquels il a conclu un accord de promotion. Dans ce cas, les tiers n&rsquo;auront jamais acc\u00e8s aux donn\u00e9es personnelles.<\/li>\n<li>R\u00e9alisation d&rsquo;\u00e9tudes de march\u00e9 et d&rsquo;analyses statistiques.<\/li>\n<li>Traitement des commandes, demandes, r\u00e9ponse aux demandes ou toute autre demande effectu\u00e9e par l&rsquo;UTILISATEUR via l&rsquo;un des moyens de contact mis \u00e0 sa disposition sur le site web du RESPONSABLE.<\/li>\n<li>Envoi de la newsletter en ligne, sur les nouveaut\u00e9s, offres et promotions de notre activit\u00e9.<\/li>\n<\/ul>\n<p style=\"color: var(--awb-custom_color_1);\">Pour quelle raison pouvons-nous traiter vos donn\u00e9es personnelles ?<\/p>\n<p>Parce que le traitement est l\u00e9gitim\u00e9 par l&rsquo;article 6 du GDPR de la mani\u00e8re suivante :<\/p>\n<ul>\n<li>Avec le consentement de l&rsquo;UTILISATEUR : envoi de communications commerciales et de la newsletter.<\/li>\n<li>Dans l&rsquo;int\u00e9r\u00eat l\u00e9gitime du RESPONSABLE : r\u00e9alisation d&rsquo;\u00e9tudes de march\u00e9, analyses statistiques, etc. et traitement des commandes, demandes, etc. \u00e0 la demande de l&rsquo;UTILISATEUR.<\/li>\n<\/ul>\n<p><span style=\"color: var(--awb-custom_color_1);\">Pendant combien de temps conservons-nous vos donn\u00e9es personnelles ?<\/span><\/p>\n<p>Elles seront conserv\u00e9es pendant une p\u00e9riode ne d\u00e9passant pas celle n\u00e9cessaire \u00e0 la r\u00e9alisation de l&rsquo;objectif du traitement ou \u00e0 la satisfaction des obligations l\u00e9gales imposant leur conservation, et lorsqu&rsquo;elles ne seront plus n\u00e9cessaires \u00e0 cet effet, elles seront supprim\u00e9es avec des mesures de s\u00e9curit\u00e9 appropri\u00e9es pour garantir l&rsquo;anonymisation des donn\u00e9es ou leur destruction totale.<\/p>\n<p style=\"color: var(--awb-custom_color_1);\">\u00c0 qui fournissons-nous vos donn\u00e9es personnelles ?<\/p>\n<p>Aucune communication de donn\u00e9es personnelles \u00e0 des tiers n&rsquo;est pr\u00e9vue sauf si elle est n\u00e9cessaire pour le d\u00e9veloppement et l&rsquo;ex\u00e9cution des finalit\u00e9s du traitement, \u00e0 nos prestataires de services en mati\u00e8re de communication, avec lesquels le RESPONSABLE a conclu des contrats de confidentialit\u00e9 et de traitement conform\u00e9ment \u00e0 la r\u00e9glementation en vigueur sur la confidentialit\u00e9.<\/p>\n<p style=\"color: var(--awb-custom_color_1);\">Quels sont vos droits?<\/p>\n<p>Les droits dont dispose l&rsquo;UTILISATEUR sont les suivants:<\/p>\n<ul>\n<li>Droit de retirer son consentement \u00e0 tout moment.<\/li>\n<li>Droit d&rsquo;acc\u00e8s, de rectification, de portabilit\u00e9 et de suppression de ses donn\u00e9es, ainsi que de limitation ou d&rsquo;opposition \u00e0 leur traitement.<\/li>\n<li>Droit de d\u00e9poser une plainte aupr\u00e8s de l&rsquo;autorit\u00e9 de contr\u00f4le (www.aepd.es) s&rsquo;il estime que le traitement ne respecte pas la r\u00e9glementation en vigueur.<\/li>\n<\/ul>\n<p><span style=\"font-family: var(--awb-text-font-family); font-size: var(--awb-font-size); font-style: var(--awb-text-font-style); letter-spacing: var(--awb-letter-spacing); text-align: var(--awb-content-alignment); text-transform: var(--awb-text-transform); background-color: var(--awb-bg-color-hover); color: var(--awb-custom_color_1);\">Coordonn\u00e9es pour exercer vos droits:<\/span><\/p>\n<p>SERVMADIMED, S.L. C\/RIU FRESER, 51 2\u00ba 1\u00ba 17003 GIRONA E-mail: servmadimed@gmail.com<\/p>\n<p>&nbsp;<\/p>\n<p style=\"color: var(--awb-custom_color_1);\"><b>2. Caract\u00e8re obligatoire ou facultatif des informations fournies par l&rsquo;UTILISATEUR<\/b><\/p>\n<p>Les UTILISATEURS, en cochant les cases correspondantes et en saisissant les donn\u00e9es dans les champs marqu\u00e9s d&rsquo;un ast\u00e9risque (*) dans le formulaire de contact ou pr\u00e9sent\u00e9es dans les formulaires de t\u00e9l\u00e9chargement, acceptent express\u00e9ment, librement et sans \u00e9quivoque que leurs donn\u00e9es sont n\u00e9cessaires pour r\u00e9pondre \u00e0 leur demande, par le prestataire, la saisie de donn\u00e9es dans les autres champs \u00e9tant facultative. L&rsquo;UTILISATEUR garantit que les donn\u00e9es personnelles fournies au RESPONSABLE sont v\u00e9ridiques et s&rsquo;engage \u00e0 informer de toute modification les concernant.<\/p>\n<p>Le RESPONSABLE informe que toutes les donn\u00e9es demand\u00e9es sur le site Web sont obligatoires, car elles sont n\u00e9cessaires pour fournir un service optimal \u00e0 l&rsquo;UTILISATEUR. Si toutes les donn\u00e9es ne sont pas fournies, il n&rsquo;est pas garanti que les informations et les services fournis r\u00e9pondent pleinement \u00e0 leurs besoins.<\/p>\n<p><b style=\"color: var(--awb-custom_color_1);\">3. Mesures de s\u00e9curit\u00e9<\/b><\/p>\n<p>Conform\u00e9ment aux dispositions des r\u00e9glementations en vigueur sur la protection des donn\u00e9es personnelles, le RESPONSABLE respecte toutes les dispositions des r\u00e9glementations GDPR et LOPDGDD pour le traitement des donn\u00e9es personnelles sous sa responsabilit\u00e9, et manifestement les principes d\u00e9crits \u00e0 l&rsquo;article 5 du GDPR, selon lesquels elles sont trait\u00e9es de mani\u00e8re licite, loyale et transparente par rapport \u00e0 la personne concern\u00e9e et sont ad\u00e9quates, pertinentes et limit\u00e9es \u00e0 ce qui est n\u00e9cessaire par rapport aux finalit\u00e9s pour lesquelles elles sont trait\u00e9es.<\/p>\n<p>Le RESPONSABLE garantit avoir mis en \u0153uvre des politiques techniques et organisationnelles appropri\u00e9es pour appliquer les mesures de s\u00e9curit\u00e9 \u00e9tablies par le GDPR et la LOPDGDD afin de prot\u00e9ger les droits et libert\u00e9s des UTILISATEURS et leur a communiqu\u00e9 les informations appropri\u00e9es pour qu&rsquo;ils puissent les exercer.<\/p>\n<p>Pour plus d&rsquo;informations sur les garanties de confidentialit\u00e9, vous pouvez contacter le RESPONSABLE via SERVMADIMED, S.L. C\/RIU FRESER, 51 2\u00ba 1\u00ba 17003 GIRONA E-mail: servmadimed@gmail.com<\/p>\n<div><\/div>\n<\/div><\/div><\/div><\/div><\/div>\n","protected":false},"excerpt":{"rendered":"","protected":false},"author":5,"featured_media":0,"parent":0,"menu_order":1000,"comment_status":"open","ping_status":"closed","template":"100-width.php","meta":{"footnotes":""},"class_list":["post-3200","page","type-page","status-publish","hentry"],"yoast_head":"<!-- This site is optimized with the Yoast SEO plugin v27.2 - https:\/\/yoast.com\/product\/yoast-seo-wordpress\/ -->\n<title>Politique de confidentialit\u00e9 - Ma Vie Sant\u00e9<\/title>\n<meta name=\"robots\" content=\"noindex, nofollow\" \/>\n<meta property=\"og:locale\" content=\"fr_FR\" \/>\n<meta property=\"og:type\" content=\"article\" \/>\n<meta property=\"og:title\" content=\"Politique de confidentialit\u00e9 - Ma Vie Sant\u00e9\" \/>\n<meta property=\"og:url\" content=\"https:\/\/esthetiquemaviesante.fr\/fr\/politique-confidentialite\/\" \/>\n<meta property=\"og:site_name\" content=\"Ma Vie Sant\u00e9\" \/>\n<meta property=\"article:modified_time\" content=\"2024-12-03T09:10:52+00:00\" \/>\n<meta name=\"twitter:card\" content=\"summary_large_image\" \/>\n<meta name=\"twitter:label1\" content=\"Dur\u00e9e de lecture estim\u00e9e\" \/>\n\t<meta name=\"twitter:data1\" content=\"4 minutes\" \/>\n<script type=\"application\/ld+json\" class=\"yoast-schema-graph\">{\"@context\":\"https:\/\/schema.org\",\"@graph\":[{\"@type\":\"WebPage\",\"@id\":\"https:\/\/esthetiquemaviesante.fr\/fr\/politique-confidentialite\/\",\"url\":\"https:\/\/esthetiquemaviesante.fr\/fr\/politique-confidentialite\/\",\"name\":\"Politique de confidentialit\u00e9 - Ma Vie Sant\u00e9\",\"isPartOf\":{\"@id\":\"https:\/\/esthetiquemaviesante.fr\/fr\/#website\"},\"datePublished\":\"2024-03-01T11:16:23+00:00\",\"dateModified\":\"2024-12-03T09:10:52+00:00\",\"breadcrumb\":{\"@id\":\"https:\/\/esthetiquemaviesante.fr\/fr\/politique-confidentialite\/#breadcrumb\"},\"inLanguage\":\"fr-FR\",\"potentialAction\":[{\"@type\":\"ReadAction\",\"target\":[\"https:\/\/esthetiquemaviesante.fr\/fr\/politique-confidentialite\/\"]}]},{\"@type\":\"BreadcrumbList\",\"@id\":\"https:\/\/esthetiquemaviesante.fr\/fr\/politique-confidentialite\/#breadcrumb\",\"itemListElement\":[{\"@type\":\"ListItem\",\"position\":1,\"name\":\"Portada\",\"item\":\"https:\/\/esthetiquemaviesante.fr\/fr\/\"},{\"@type\":\"ListItem\",\"position\":2,\"name\":\"Politique de confidentialit\u00e9\"}]},{\"@type\":\"WebSite\",\"@id\":\"https:\/\/esthetiquemaviesante.fr\/fr\/#website\",\"url\":\"https:\/\/esthetiquemaviesante.fr\/fr\/\",\"name\":\"Ma Vie Sant\u00e9\",\"description\":\"Centro m\u00e9dico est\u00e9tico\",\"potentialAction\":[{\"@type\":\"SearchAction\",\"target\":{\"@type\":\"EntryPoint\",\"urlTemplate\":\"https:\/\/esthetiquemaviesante.fr\/fr\/?s={search_term_string}\"},\"query-input\":{\"@type\":\"PropertyValueSpecification\",\"valueRequired\":true,\"valueName\":\"search_term_string\"}}],\"inLanguage\":\"fr-FR\"}]}<\/script>\n<!-- \/ Yoast SEO plugin. -->","yoast_head_json":{"title":"Politique de confidentialit\u00e9 - Ma Vie Sant\u00e9","robots":{"index":"noindex","follow":"nofollow"},"og_locale":"fr_FR","og_type":"article","og_title":"Politique de confidentialit\u00e9 - Ma Vie Sant\u00e9","og_url":"https:\/\/esthetiquemaviesante.fr\/fr\/politique-confidentialite\/","og_site_name":"Ma Vie Sant\u00e9","article_modified_time":"2024-12-03T09:10:52+00:00","twitter_card":"summary_large_image","twitter_misc":{"Dur\u00e9e de lecture estim\u00e9e":"4 minutes"},"schema":{"@context":"https:\/\/schema.org","@graph":[{"@type":"WebPage","@id":"https:\/\/esthetiquemaviesante.fr\/fr\/politique-confidentialite\/","url":"https:\/\/esthetiquemaviesante.fr\/fr\/politique-confidentialite\/","name":"Politique de confidentialit\u00e9 - Ma Vie Sant\u00e9","isPartOf":{"@id":"https:\/\/esthetiquemaviesante.fr\/fr\/#website"},"datePublished":"2024-03-01T11:16:23+00:00","dateModified":"2024-12-03T09:10:52+00:00","breadcrumb":{"@id":"https:\/\/esthetiquemaviesante.fr\/fr\/politique-confidentialite\/#breadcrumb"},"inLanguage":"fr-FR","potentialAction":[{"@type":"ReadAction","target":["https:\/\/esthetiquemaviesante.fr\/fr\/politique-confidentialite\/"]}]},{"@type":"BreadcrumbList","@id":"https:\/\/esthetiquemaviesante.fr\/fr\/politique-confidentialite\/#breadcrumb","itemListElement":[{"@type":"ListItem","position":1,"name":"Portada","item":"https:\/\/esthetiquemaviesante.fr\/fr\/"},{"@type":"ListItem","position":2,"name":"Politique de confidentialit\u00e9"}]},{"@type":"WebSite","@id":"https:\/\/esthetiquemaviesante.fr\/fr\/#website","url":"https:\/\/esthetiquemaviesante.fr\/fr\/","name":"Ma Vie Sant\u00e9","description":"Centro m\u00e9dico est\u00e9tico","potentialAction":[{"@type":"SearchAction","target":{"@type":"EntryPoint","urlTemplate":"https:\/\/esthetiquemaviesante.fr\/fr\/?s={search_term_string}"},"query-input":{"@type":"PropertyValueSpecification","valueRequired":true,"valueName":"search_term_string"}}],"inLanguage":"fr-FR"}]}},"_links":{"self":[{"href":"https:\/\/esthetiquemaviesante.fr\/fr\/wp-json\/wp\/v2\/pages\/3200","targetHints":{"allow":["GET"]}}],"collection":[{"href":"https:\/\/esthetiquemaviesante.fr\/fr\/wp-json\/wp\/v2\/pages"}],"about":[{"href":"https:\/\/esthetiquemaviesante.fr\/fr\/wp-json\/wp\/v2\/types\/page"}],"author":[{"embeddable":true,"href":"https:\/\/esthetiquemaviesante.fr\/fr\/wp-json\/wp\/v2\/users\/5"}],"replies":[{"embeddable":true,"href":"https:\/\/esthetiquemaviesante.fr\/fr\/wp-json\/wp\/v2\/comments?post=3200"}],"version-history":[{"count":1,"href":"https:\/\/esthetiquemaviesante.fr\/fr\/wp-json\/wp\/v2\/pages\/3200\/revisions"}],"predecessor-version":[{"id":3467,"href":"https:\/\/esthetiquemaviesante.fr\/fr\/wp-json\/wp\/v2\/pages\/3200\/revisions\/3467"}],"wp:attachment":[{"href":"https:\/\/esthetiquemaviesante.fr\/fr\/wp-json\/wp\/v2\/media?parent=3200"}],"curies":[{"name":"wp","href":"https:\/\/api.w.org\/{rel}","templated":true}]}}