{"id":3168,"date":"2023-10-30T08:18:05","date_gmt":"2023-10-30T08:18:05","guid":{"rendered":"https:\/\/esthetiquemaviesante.fr\/formacion\/"},"modified":"2024-03-13T13:33:31","modified_gmt":"2024-03-13T13:33:31","slug":"formation","status":"publish","type":"page","link":"https:\/\/esthetiquemaviesante.fr\/fr\/formation\/","title":{"rendered":"Formation"},"content":{"rendered":"<div class=\"fusion-fullwidth fullwidth-box fusion-builder-row-1 fusion-flex-container has-pattern-background has-mask-background nonhundred-percent-fullwidth non-hundred-percent-height-scrolling\" style=\"--awb-border-radius-top-left:0px;--awb-border-radius-top-right:0px;--awb-border-radius-bottom-right:0px;--awb-border-radius-bottom-left:0px;--awb-padding-top:75px;--awb-padding-bottom:50px;--awb-margin-bottom:0px;--awb-flex-wrap:wrap;\" ><div class=\"fusion-builder-row fusion-row fusion-flex-align-items-flex-start fusion-flex-content-wrap\" style=\"max-width:1248px;margin-left: calc(-4% \/ 2 );margin-right: calc(-4% \/ 2 );\"><div class=\"fusion-layout-column fusion_builder_column fusion-builder-column-0 fusion_builder_column_1_1 1_1 fusion-flex-column fusion-flex-align-self-flex-start\" style=\"--awb-padding-right:97px;--awb-padding-left:104px;--awb-bg-size:cover;--awb-width-large:100%;--awb-margin-top-large:0px;--awb-spacing-right-large:11.52%;--awb-margin-bottom-large:27px;--awb-spacing-left-large:11.52%;--awb-width-medium:100%;--awb-order-medium:0;--awb-spacing-right-medium:1.92%;--awb-spacing-left-medium:1.92%;--awb-width-small:100%;--awb-order-small:0;--awb-spacing-right-small:1.92%;--awb-spacing-left-small:1.92%;\"><div class=\"fusion-column-wrapper fusion-column-has-shadow fusion-flex-justify-content-flex-start fusion-content-layout-column\"><div class=\"fusion-title title fusion-title-1 fusion-title-center fusion-title-text fusion-title-size-two\" style=\"--awb-margin-top-small:0px;--awb-margin-bottom-small:20px;\"><div class=\"title-sep-container title-sep-container-left\"><div class=\"title-sep sep- sep-solid\" style=\"border-color:var(--awb-color3);\"><\/div><\/div><span class=\"awb-title-spacer\"><\/span><h2 class=\"fusion-title-heading title-heading-center\" style=\"margin:0;text-transform:none;\"><a class=\"awb-custom-text-color awb-custom-text-hover-color\" target=\"_self\"><p class=\"p1\" style=\"text-align: center;\">Formation en appareils de m\u00e9decine esth\u00e9tique<\/p><\/a><\/h2><span class=\"awb-title-spacer\"><\/span><div class=\"title-sep-container title-sep-container-right\"><div class=\"title-sep sep- sep-solid\" style=\"border-color:var(--awb-color3);\"><\/div><\/div><\/div><div class=\"fusion-text fusion-text-1\" style=\"--awb-margin-top:0px;\"><h5 style=\"text-align: center;\">Des concepts de base \u00e0 la pratique clinique avanc\u00e9e<\/h5>\n<\/div><\/div><\/div><div class=\"fusion-layout-column fusion_builder_column fusion-builder-column-1 fusion_builder_column_1_1 1_1 fusion-flex-column\" style=\"--awb-padding-right:1px;--awb-bg-size:cover;--awb-width-large:100%;--awb-margin-top-large:0px;--awb-spacing-right-large:50px;--awb-margin-bottom-large:20px;--awb-spacing-left-large:3.456%;--awb-width-medium:100%;--awb-order-medium:0;--awb-spacing-right-medium:1.92%;--awb-spacing-left-medium:1.92%;--awb-width-small:100%;--awb-order-small:0;--awb-spacing-right-small:1.92%;--awb-spacing-left-small:1.92%;\"><div class=\"fusion-column-wrapper fusion-column-has-shadow fusion-flex-justify-content-flex-start fusion-content-layout-column\"><div class=\"fusion-text fusion-text-2\"><p>La formation en appareils de m\u00e9decine esth\u00e9tique peut varier en fonction du centre ou de l&rsquo;institution qui la dispense, mais en g\u00e9n\u00e9ral, elle est propos\u00e9e \u00e0 la fois aux personnes souhaitant se lancer dans ce domaine et aux professionnels souhaitant perfectionner leurs comp\u00e9tences. Voici une description g\u00e9n\u00e9rale de ce qu&rsquo;elle pourrait inclure :<\/p>\n<\/p>\n<p class=\"p1\" style=\"text-align: center;\">\n<\/div><ul style=\"--awb-margin-left:55px;--awb-item-padding-left:0px;--awb-iconcolor:var(--awb-color1);--awb-line-height:23.8px;--awb-icon-width:23.8px;--awb-icon-height:23.8px;--awb-icon-margin:9.8px;--awb-content-margin:33.6px;--awb-circlecolor:var(--awb-custom_color_1);--awb-circle-yes-font-size:12.32px;\" class=\"fusion-checklist fusion-checklist-1 fusion-checklist-default type-icons\"><li class=\"fusion-li-item\" style=\"\"><span class=\"icon-wrapper circle-yes\"><i class=\"fusion-li-icon fa-crutch fas\" aria-hidden=\"true\"><\/i><\/span><div class=\"fusion-li-item-content\">\n<p><strong>I<\/strong><span style=\"color: var(--awb-textcolor); background-color: var(--awb-odd-row-bgcolor); font-size: var(--awb-size); font-family: var(--body_typography-font-family); font-style: var(--body_typography-font-style,normal); letter-spacing: var(--body_typography-letter-spacing);\"><b>ntroduction \u00e0 la m\u00e9decine esth\u00e9tique par appareils :<\/b><\/span><\/p>\n<p>Une vue d&rsquo;ensemble des \u00e9quipements et des technologies utilis\u00e9s dans ce domaine, de leurs applications et avantages.<\/p>\n<\/div><\/li><\/ul><div class=\"fusion-separator fusion-full-width-sep\" style=\"align-self: center;margin-left: auto;margin-right: auto;margin-top:22px;margin-bottom:22px;width:100%;\"><div class=\"fusion-separator-border sep-single sep-solid\" style=\"--awb-height:20px;--awb-amount:20px;border-color:var(--awb-color5);border-top-width:1px;\"><\/div><\/div><ul style=\"--awb-margin-left:55px;--awb-iconcolor:var(--awb-color1);--awb-line-height:23.8px;--awb-icon-width:23.8px;--awb-icon-height:23.8px;--awb-icon-margin:9.8px;--awb-content-margin:33.6px;--awb-circlecolor:var(--awb-custom_color_1);--awb-circle-yes-font-size:12.32px;\" class=\"fusion-checklist fusion-checklist-2 fusion-checklist-default type-icons\"><li class=\"fusion-li-item\" style=\"\"><span class=\"icon-wrapper circle-yes\"><i class=\"fusion-li-icon fa-allergies fas\" aria-hidden=\"true\"><\/i><\/span><div class=\"fusion-li-item-content\">\n<p><b>Anatomie et physiologie de la peau : <\/b><\/p>\n<p>Comprendre la structure et la fonction de la peau est essentiel pour r\u00e9aliser des traitements efficaces et s\u00fbrs.<\/p>\n<\/div><\/li><\/ul><div class=\"fusion-separator fusion-full-width-sep\" style=\"align-self: center;margin-left: auto;margin-right: auto;margin-top:22px;margin-bottom:22px;width:100%;\"><div class=\"fusion-separator-border sep-single sep-solid\" style=\"--awb-height:20px;--awb-amount:20px;border-color:var(--awb-color5);border-top-width:1px;\"><\/div><\/div><ul style=\"--awb-margin-left:55px;--awb-iconcolor:var(--awb-color1);--awb-line-height:23.8px;--awb-icon-width:23.8px;--awb-icon-height:23.8px;--awb-icon-margin:9.8px;--awb-content-margin:33.6px;--awb-circlecolor:var(--awb-custom_color_1);--awb-circle-yes-font-size:12.32px;\" class=\"fusion-checklist fusion-checklist-3 fusion-checklist-default type-icons\"><li class=\"fusion-li-item\" style=\"\"><span class=\"icon-wrapper circle-yes\"><i class=\"fusion-li-icon fa-user-check fas\" aria-hidden=\"true\"><\/i><\/span><div class=\"fusion-li-item-content\">\n<p><b>\u00c9valuation et consultation du patient :<\/b><\/p>\n<p>Comment effectuer une \u00e9valuation ad\u00e9quate du patient, d\u00e9terminer ses besoins et \u00e9tablir un plan de traitement.<\/p>\n<\/div><\/li><\/ul><div class=\"fusion-separator fusion-full-width-sep\" style=\"align-self: center;margin-left: auto;margin-right: auto;margin-top:22px;margin-bottom:22px;width:100%;\"><div class=\"fusion-separator-border sep-single sep-solid\" style=\"--awb-height:20px;--awb-amount:20px;border-color:var(--awb-color5);border-top-width:1px;\"><\/div><\/div><ul style=\"--awb-margin-left:55px;--awb-iconcolor:var(--awb-color1);--awb-line-height:23.8px;--awb-icon-width:23.8px;--awb-icon-height:23.8px;--awb-icon-margin:9.8px;--awb-content-margin:33.6px;--awb-circlecolor:var(--awb-custom_color_1);--awb-circle-yes-font-size:12.32px;\" class=\"fusion-checklist fusion-checklist-4 fusion-checklist-default type-icons\"><li class=\"fusion-li-item\" style=\"\"><span class=\"icon-wrapper circle-yes\"><i class=\"fusion-li-icon fa-life-ring fas\" aria-hidden=\"true\"><\/i><\/span><div class=\"fusion-li-item-content\">\n<p><b>S\u00e9curit\u00e9 et r\u00e9glementation :<\/b><\/p>\n<p>S&rsquo;assurer que les proc\u00e9dures sont r\u00e9alis\u00e9es en toute s\u00e9curit\u00e9 et en conformit\u00e9 avec les r\u00e9glementations locales et nationales.<\/p>\n<\/div><\/li><\/ul><div class=\"fusion-separator fusion-full-width-sep\" style=\"align-self: center;margin-left: auto;margin-right: auto;margin-top:22px;margin-bottom:22px;width:100%;\"><div class=\"fusion-separator-border sep-single sep-solid\" style=\"--awb-height:20px;--awb-amount:20px;border-color:var(--awb-color5);border-top-width:1px;\"><\/div><\/div><ul style=\"--awb-margin-left:55px;--awb-iconcolor:var(--awb-color1);--awb-line-height:23.8px;--awb-icon-width:23.8px;--awb-icon-height:23.8px;--awb-icon-margin:9.8px;--awb-content-margin:33.6px;--awb-circlecolor:var(--awb-custom_color_1);--awb-circle-yes-font-size:12.32px;\" class=\"fusion-checklist fusion-checklist-5 fusion-checklist-default type-icons\"><li class=\"fusion-li-item\" style=\"\"><span class=\"icon-wrapper circle-yes\"><i class=\"fusion-li-icon fa-diagnoses fas\" aria-hidden=\"true\"><\/i><\/span><div class=\"fusion-li-item-content\">\n<p><b>Techniques d&rsquo;application : <\/b><\/p>\n<p>Formation pratique \u00e0 l&rsquo;utilisation d&rsquo;\u00e9quipements tels que les lasers, la radiofr\u00e9quence, l&rsquo;ultrason, etc.<\/p>\n<\/div><\/li><\/ul><div class=\"fusion-separator fusion-full-width-sep\" style=\"align-self: center;margin-left: auto;margin-right: auto;margin-top:22px;margin-bottom:22px;width:100%;\"><div class=\"fusion-separator-border sep-single sep-solid\" style=\"--awb-height:20px;--awb-amount:20px;border-color:var(--awb-color5);border-top-width:1px;\"><\/div><\/div><ul style=\"--awb-margin-left:55px;--awb-iconcolor:var(--awb-color1);--awb-line-height:23.8px;--awb-icon-width:23.8px;--awb-icon-height:23.8px;--awb-icon-margin:9.8px;--awb-content-margin:33.6px;--awb-circlecolor:var(--awb-custom_color_1);--awb-circle-yes-font-size:12.32px;\" class=\"fusion-checklist fusion-checklist-6 fusion-checklist-default type-icons\"><li class=\"fusion-li-item\" style=\"\"><span class=\"icon-wrapper circle-yes\"><i class=\"fusion-li-icon fa-eye-dropper fas\" aria-hidden=\"true\"><\/i><\/span><div class=\"fusion-li-item-content\">\n<p><b>Traitements sp\u00e9cifiques : <\/b><\/p>\n<p>Formation d\u00e9taill\u00e9e sur des proc\u00e9dures courantes telles que l&rsquo;\u00e9pilation au laser, l&rsquo;\u00e9limination des tatouages, la remodelage corporel, etc.<\/p>\n<\/div><\/li><\/ul><div class=\"fusion-separator fusion-full-width-sep\" style=\"align-self: center;margin-left: auto;margin-right: auto;margin-top:22px;margin-bottom:22px;width:100%;\"><div class=\"fusion-separator-border sep-single sep-solid\" style=\"--awb-height:20px;--awb-amount:20px;border-color:var(--awb-color5);border-top-width:1px;\"><\/div><\/div><ul style=\"--awb-margin-left:55px;--awb-iconcolor:var(--awb-color1);--awb-line-height:23.8px;--awb-icon-width:23.8px;--awb-icon-height:23.8px;--awb-icon-margin:9.8px;--awb-content-margin:33.6px;--awb-circlecolor:var(--awb-custom_color_1);--awb-circle-yes-font-size:12.32px;\" class=\"fusion-checklist fusion-checklist-7 fusion-checklist-default type-icons\"><li class=\"fusion-li-item\" style=\"\"><span class=\"icon-wrapper circle-yes\"><i class=\"fusion-li-icon fa-band-aid fas\" aria-hidden=\"true\"><\/i><\/span><div class=\"fusion-li-item-content\">\n<p><b>Gestion des complications :<\/b><\/p>\n<p>Comment reconna\u00eetre et g\u00e9rer d&rsquo;\u00e9ventuels effets secondaires ou complications.<\/p>\n<\/div><\/li><\/ul><div class=\"fusion-separator fusion-full-width-sep\" style=\"align-self: center;margin-left: auto;margin-right: auto;margin-top:22px;margin-bottom:22px;width:100%;\"><div class=\"fusion-separator-border sep-single sep-solid\" style=\"--awb-height:20px;--awb-amount:20px;border-color:var(--awb-color5);border-top-width:1px;\"><\/div><\/div><ul style=\"--awb-margin-left:55px;--awb-iconcolor:var(--awb-color1);--awb-line-height:23.8px;--awb-icon-width:23.8px;--awb-icon-height:23.8px;--awb-icon-margin:9.8px;--awb-content-margin:33.6px;--awb-circlecolor:var(--awb-custom_color_1);--awb-circle-yes-font-size:12.32px;\" class=\"fusion-checklist fusion-checklist-8 fusion-checklist-default type-icons\"><li class=\"fusion-li-item\" style=\"\"><span class=\"icon-wrapper circle-yes\"><i class=\"fusion-li-icon fa-bullseye fas\" aria-hidden=\"true\"><\/i><\/span><div class=\"fusion-li-item-content\">\n<p><b>Marketing et gestion de l&rsquo;entreprise : <\/b><\/p>\n<p>Aspects li\u00e9s \u00e0 la gestion d&rsquo;un centre esth\u00e9tique, \u00e0 la promotion des services et \u00e0 la relation avec les patients.<\/p>\n<\/div><\/li><\/ul><div class=\"fusion-separator fusion-full-width-sep\" style=\"align-self: center;margin-left: auto;margin-right: auto;margin-top:22px;margin-bottom:22px;width:100%;\"><div class=\"fusion-separator-border sep-single sep-solid\" style=\"--awb-height:20px;--awb-amount:20px;border-color:var(--awb-color5);border-top-width:1px;\"><\/div><\/div><ul style=\"--awb-margin-left:55px;--awb-iconcolor:var(--awb-color1);--awb-line-height:23.8px;--awb-icon-width:23.8px;--awb-icon-height:23.8px;--awb-icon-margin:9.8px;--awb-content-margin:33.6px;--awb-circlecolor:var(--awb-custom_color_1);--awb-circle-yes-font-size:12.32px;\" class=\"fusion-checklist fusion-checklist-9 fusion-checklist-default type-icons\"><li class=\"fusion-li-item\" style=\"\"><span class=\"icon-wrapper circle-yes\"><i class=\"fusion-li-icon fa-stethoscope fas\" aria-hidden=\"true\"><\/i><\/span><div class=\"fusion-li-item-content\">\n<p><b>Pratique clinique : <\/b><\/p>\n<p>Opportunit\u00e9s pour appliquer les comp\u00e9tences acquises sur de vrais patients sous supervision.<\/p>\n<\/div><\/li><\/ul><div class=\"fusion-separator fusion-full-width-sep\" style=\"align-self: center;margin-left: auto;margin-right: auto;width:100%;\"><\/div><div class=\"fusion-separator fusion-full-width-sep\" style=\"align-self: center;margin-left: auto;margin-right: auto;margin-top:22px;margin-bottom:22px;width:100%;\"><\/div><div class=\"fusion-text fusion-text-3\"><p>La dur\u00e9e et le contenu sp\u00e9cifique peuvent varier en fonction du programme de formation et du niveau d&rsquo;exp\u00e9rience des participants. Si vous \u00eates int\u00e9ress\u00e9 par cette formation, je vous recommande de rechercher des programmes de formation dans des institutions ou des centres sp\u00e9cialis\u00e9s de votre r\u00e9gion.<\/p>\n<\/div><div style=\"text-align:center;\"><a class=\"fusion-button button-flat fusion-button-default-size button-default fusion-button-default button-1 fusion-button-default-span fusion-button-default-type\" target=\"_self\" href=\"https:\/\/esthetiquemaviesante.fr\/fr\/contact\/\"><span class=\"fusion-button-text awb-button__text awb-button__text--default\">CONTACTEZ-NOUS<\/span><\/a><\/div><\/div><\/div><\/div><\/div>\n","protected":false},"excerpt":{"rendered":"","protected":false},"author":5,"featured_media":0,"parent":0,"menu_order":40,"comment_status":"closed","ping_status":"closed","template":"100-width.php","meta":{"footnotes":""},"class_list":["post-3168","page","type-page","status-publish","hentry"],"yoast_head":"<!-- This site is optimized with the Yoast SEO plugin v27.2 - https:\/\/yoast.com\/product\/yoast-seo-wordpress\/ -->\n<title>Formation - Ma Vie Sant\u00e9<\/title>\n<meta name=\"robots\" content=\"index, follow, max-snippet:-1, max-image-preview:large, max-video-preview:-1\" \/>\n<link rel=\"canonical\" href=\"https:\/\/esthetiquemaviesante.fr\/fr\/formation\/\" \/>\n<meta property=\"og:locale\" content=\"fr_FR\" \/>\n<meta property=\"og:type\" content=\"article\" \/>\n<meta property=\"og:title\" content=\"Formation - Ma Vie Sant\u00e9\" \/>\n<meta property=\"og:url\" content=\"https:\/\/esthetiquemaviesante.fr\/fr\/formation\/\" \/>\n<meta property=\"og:site_name\" content=\"Ma Vie Sant\u00e9\" \/>\n<meta property=\"article:modified_time\" content=\"2024-03-13T13:33:31+00:00\" \/>\n<meta name=\"twitter:card\" content=\"summary_large_image\" \/>\n<meta name=\"twitter:label1\" content=\"Dur\u00e9e de lecture estim\u00e9e\" \/>\n\t<meta name=\"twitter:data1\" content=\"2 minutes\" \/>\n<script type=\"application\/ld+json\" class=\"yoast-schema-graph\">{\"@context\":\"https:\/\/schema.org\",\"@graph\":[{\"@type\":\"WebPage\",\"@id\":\"https:\/\/esthetiquemaviesante.fr\/fr\/formation\/\",\"url\":\"https:\/\/esthetiquemaviesante.fr\/fr\/formation\/\",\"name\":\"Formation - Ma Vie Sant\u00e9\",\"isPartOf\":{\"@id\":\"https:\/\/esthetiquemaviesante.fr\/fr\/#website\"},\"datePublished\":\"2023-10-30T08:18:05+00:00\",\"dateModified\":\"2024-03-13T13:33:31+00:00\",\"breadcrumb\":{\"@id\":\"https:\/\/esthetiquemaviesante.fr\/fr\/formation\/#breadcrumb\"},\"inLanguage\":\"fr-FR\",\"potentialAction\":[{\"@type\":\"ReadAction\",\"target\":[\"https:\/\/esthetiquemaviesante.fr\/fr\/formation\/\"]}]},{\"@type\":\"BreadcrumbList\",\"@id\":\"https:\/\/esthetiquemaviesante.fr\/fr\/formation\/#breadcrumb\",\"itemListElement\":[{\"@type\":\"ListItem\",\"position\":1,\"name\":\"Portada\",\"item\":\"https:\/\/esthetiquemaviesante.fr\/fr\/\"},{\"@type\":\"ListItem\",\"position\":2,\"name\":\"Formation\"}]},{\"@type\":\"WebSite\",\"@id\":\"https:\/\/esthetiquemaviesante.fr\/fr\/#website\",\"url\":\"https:\/\/esthetiquemaviesante.fr\/fr\/\",\"name\":\"Ma Vie Sant\u00e9\",\"description\":\"Centro m\u00e9dico est\u00e9tico\",\"potentialAction\":[{\"@type\":\"SearchAction\",\"target\":{\"@type\":\"EntryPoint\",\"urlTemplate\":\"https:\/\/esthetiquemaviesante.fr\/fr\/?s={search_term_string}\"},\"query-input\":{\"@type\":\"PropertyValueSpecification\",\"valueRequired\":true,\"valueName\":\"search_term_string\"}}],\"inLanguage\":\"fr-FR\"}]}<\/script>\n<!-- \/ Yoast SEO plugin. -->","yoast_head_json":{"title":"Formation - Ma Vie Sant\u00e9","robots":{"index":"index","follow":"follow","max-snippet":"max-snippet:-1","max-image-preview":"max-image-preview:large","max-video-preview":"max-video-preview:-1"},"canonical":"https:\/\/esthetiquemaviesante.fr\/fr\/formation\/","og_locale":"fr_FR","og_type":"article","og_title":"Formation - Ma Vie Sant\u00e9","og_url":"https:\/\/esthetiquemaviesante.fr\/fr\/formation\/","og_site_name":"Ma Vie Sant\u00e9","article_modified_time":"2024-03-13T13:33:31+00:00","twitter_card":"summary_large_image","twitter_misc":{"Dur\u00e9e de lecture estim\u00e9e":"2 minutes"},"schema":{"@context":"https:\/\/schema.org","@graph":[{"@type":"WebPage","@id":"https:\/\/esthetiquemaviesante.fr\/fr\/formation\/","url":"https:\/\/esthetiquemaviesante.fr\/fr\/formation\/","name":"Formation - Ma Vie Sant\u00e9","isPartOf":{"@id":"https:\/\/esthetiquemaviesante.fr\/fr\/#website"},"datePublished":"2023-10-30T08:18:05+00:00","dateModified":"2024-03-13T13:33:31+00:00","breadcrumb":{"@id":"https:\/\/esthetiquemaviesante.fr\/fr\/formation\/#breadcrumb"},"inLanguage":"fr-FR","potentialAction":[{"@type":"ReadAction","target":["https:\/\/esthetiquemaviesante.fr\/fr\/formation\/"]}]},{"@type":"BreadcrumbList","@id":"https:\/\/esthetiquemaviesante.fr\/fr\/formation\/#breadcrumb","itemListElement":[{"@type":"ListItem","position":1,"name":"Portada","item":"https:\/\/esthetiquemaviesante.fr\/fr\/"},{"@type":"ListItem","position":2,"name":"Formation"}]},{"@type":"WebSite","@id":"https:\/\/esthetiquemaviesante.fr\/fr\/#website","url":"https:\/\/esthetiquemaviesante.fr\/fr\/","name":"Ma Vie Sant\u00e9","description":"Centro m\u00e9dico est\u00e9tico","potentialAction":[{"@type":"SearchAction","target":{"@type":"EntryPoint","urlTemplate":"https:\/\/esthetiquemaviesante.fr\/fr\/?s={search_term_string}"},"query-input":{"@type":"PropertyValueSpecification","valueRequired":true,"valueName":"search_term_string"}}],"inLanguage":"fr-FR"}]}},"_links":{"self":[{"href":"https:\/\/esthetiquemaviesante.fr\/fr\/wp-json\/wp\/v2\/pages\/3168","targetHints":{"allow":["GET"]}}],"collection":[{"href":"https:\/\/esthetiquemaviesante.fr\/fr\/wp-json\/wp\/v2\/pages"}],"about":[{"href":"https:\/\/esthetiquemaviesante.fr\/fr\/wp-json\/wp\/v2\/types\/page"}],"author":[{"embeddable":true,"href":"https:\/\/esthetiquemaviesante.fr\/fr\/wp-json\/wp\/v2\/users\/5"}],"replies":[{"embeddable":true,"href":"https:\/\/esthetiquemaviesante.fr\/fr\/wp-json\/wp\/v2\/comments?post=3168"}],"version-history":[{"count":0,"href":"https:\/\/esthetiquemaviesante.fr\/fr\/wp-json\/wp\/v2\/pages\/3168\/revisions"}],"wp:attachment":[{"href":"https:\/\/esthetiquemaviesante.fr\/fr\/wp-json\/wp\/v2\/media?parent=3168"}],"curies":[{"name":"wp","href":"https:\/\/api.w.org\/{rel}","templated":true}]}}