{"id":2984,"date":"2024-03-01T09:46:28","date_gmt":"2024-03-01T09:46:28","guid":{"rendered":"https:\/\/esthetiquemaviesante.fr\/?post_type=product&#038;p=2984"},"modified":"2024-03-24T18:44:47","modified_gmt":"2024-03-24T18:44:47","slug":"minceur-tri-action","status":"publish","type":"product","link":"https:\/\/esthetiquemaviesante.fr\/es\/product\/minceur-tri-action\/","title":{"rendered":"MINCEUR TRI-ACTION"},"content":{"rendered":"<p><strong>SUPLEMENTO NUTRICIONAL DRENANTE Y SACIANTE<\/strong><\/p>\n<p>Los suplementos nutricionales drenantes y saciantes pueden ser \u00fatiles dentro de un plan de p\u00e9rdida de peso. A continuaci\u00f3n, se presenta una breve descripci\u00f3n en espa\u00f1ol y franc\u00e9s de estos complementos:<\/p>\n<p>&nbsp;<\/p>\n<p><strong>Drenantes:<\/strong><\/p>\n<p>Los suplementos drenantes est\u00e1n dise\u00f1ados para ayudar a eliminar el exceso de l\u00edquidos y toxinas del cuerpo, lo que puede reducir la hinchaz\u00f3n y mejorar la apariencia de la piel.<\/p>\n<p><strong>Saciantes:<\/strong><\/p>\n<p>Los suplementos saciantes contienen ingredientes que promueven la sensaci\u00f3n de saciedad, lo que puede ayudar a controlar el apetito y reducir la ingesta de alimentos.<\/p>\n<p>Los suplementos nutricionales deben ser utilizados como parte de un enfoque integral para la p\u00e9rdida de peso que incluya una dieta equilibrada y actividad f\u00edsica regular. Antes de comenzar cualquier suplementaci\u00f3n, se recomienda consultar a un profesional de la salud o un nutricionista para asegurarse de que sea adecuada para sus necesidades individuales. Adem\u00e1s, los suplementos nutricionales no deben considerarse como una soluci\u00f3n \u00fanica para perder peso, sino m\u00e1s bien como una ayuda complementaria a un estilo de vida saludable.<\/p>\n","protected":false},"excerpt":{"rendered":"<p>Complemento nutricional drenante y saciante<\/p>\n","protected":false},"featured_media":2993,"template":"","meta":[],"product_brand":[],"product_cat":[120],"product_tag":[],"class_list":{"0":"post-2984","1":"product","2":"type-product","3":"status-publish","4":"has-post-thumbnail","6":"product_cat-estetica","8":"first","9":"instock","10":"featured","11":"taxable","12":"shipping-taxable","13":"purchasable","14":"product-type-simple"},"yoast_head":"<!-- This site is optimized with the Yoast SEO plugin v27.2 - https:\/\/yoast.com\/product\/yoast-seo-wordpress\/ -->\n<title>MINCEUR TRI-ACTION - Ma Vie Sant\u00e9<\/title>\n<meta name=\"robots\" content=\"index, follow, max-snippet:-1, max-image-preview:large, max-video-preview:-1\" \/>\n<link rel=\"canonical\" href=\"https:\/\/esthetiquemaviesante.fr\/es\/product\/minceur-tri-action\/\" \/>\n<meta property=\"og:locale\" content=\"es_ES\" \/>\n<meta property=\"og:type\" content=\"article\" \/>\n<meta property=\"og:title\" content=\"MINCEUR TRI-ACTION - Ma Vie Sant\u00e9\" \/>\n<meta property=\"og:description\" content=\"Complemento nutricional drenante y saciante\" \/>\n<meta property=\"og:url\" content=\"https:\/\/esthetiquemaviesante.fr\/es\/product\/minceur-tri-action\/\" \/>\n<meta property=\"og:site_name\" content=\"Ma Vie Sant\u00e9\" \/>\n<meta property=\"article:modified_time\" content=\"2024-03-24T18:44:47+00:00\" \/>\n<meta property=\"og:image\" content=\"https:\/\/esthetiquemaviesante.fr\/wp-content\/uploads\/2024\/03\/5.png\" \/>\n\t<meta property=\"og:image:width\" content=\"555\" \/>\n\t<meta property=\"og:image:height\" content=\"555\" \/>\n\t<meta property=\"og:image:type\" content=\"image\/png\" \/>\n<meta name=\"twitter:card\" content=\"summary_large_image\" \/>\n<meta name=\"twitter:label1\" content=\"Tiempo de lectura\" \/>\n\t<meta name=\"twitter:data1\" content=\"1 minuto\" \/>\n<script type=\"application\/ld+json\" class=\"yoast-schema-graph\">{\"@context\":\"https:\/\/schema.org\",\"@graph\":[{\"@type\":\"WebPage\",\"@id\":\"https:\/\/esthetiquemaviesante.fr\/es\/product\/minceur-tri-action\/\",\"url\":\"https:\/\/esthetiquemaviesante.fr\/es\/product\/minceur-tri-action\/\",\"name\":\"MINCEUR TRI-ACTION - Ma Vie Sant\u00e9\",\"isPartOf\":{\"@id\":\"https:\/\/esthetiquemaviesante.fr\/es\/#website\"},\"primaryImageOfPage\":{\"@id\":\"https:\/\/esthetiquemaviesante.fr\/es\/product\/minceur-tri-action\/#primaryimage\"},\"image\":{\"@id\":\"https:\/\/esthetiquemaviesante.fr\/es\/product\/minceur-tri-action\/#primaryimage\"},\"thumbnailUrl\":\"https:\/\/esthetiquemaviesante.fr\/wp-content\/uploads\/2024\/03\/5.png\",\"datePublished\":\"2024-03-01T09:46:28+00:00\",\"dateModified\":\"2024-03-24T18:44:47+00:00\",\"breadcrumb\":{\"@id\":\"https:\/\/esthetiquemaviesante.fr\/es\/product\/minceur-tri-action\/#breadcrumb\"},\"inLanguage\":\"es\",\"potentialAction\":[{\"@type\":\"ReadAction\",\"target\":[\"https:\/\/esthetiquemaviesante.fr\/es\/product\/minceur-tri-action\/\"]}]},{\"@type\":\"ImageObject\",\"inLanguage\":\"es\",\"@id\":\"https:\/\/esthetiquemaviesante.fr\/es\/product\/minceur-tri-action\/#primaryimage\",\"url\":\"https:\/\/esthetiquemaviesante.fr\/wp-content\/uploads\/2024\/03\/5.png\",\"contentUrl\":\"https:\/\/esthetiquemaviesante.fr\/wp-content\/uploads\/2024\/03\/5.png\",\"width\":555,\"height\":555},{\"@type\":\"BreadcrumbList\",\"@id\":\"https:\/\/esthetiquemaviesante.fr\/es\/product\/minceur-tri-action\/#breadcrumb\",\"itemListElement\":[{\"@type\":\"ListItem\",\"position\":1,\"name\":\"Portada\",\"item\":\"https:\/\/esthetiquemaviesante.fr\/es\/\"},{\"@type\":\"ListItem\",\"position\":2,\"name\":\"Tienda\",\"item\":\"https:\/\/esthetiquemaviesante.fr\/es\/tienda\/\"},{\"@type\":\"ListItem\",\"position\":3,\"name\":\"MINCEUR TRI-ACTION\"}]},{\"@type\":\"WebSite\",\"@id\":\"https:\/\/esthetiquemaviesante.fr\/es\/#website\",\"url\":\"https:\/\/esthetiquemaviesante.fr\/es\/\",\"name\":\"Ma Vie Sant\u00e9\",\"description\":\"Centro m\u00e9dico est\u00e9tico\",\"potentialAction\":[{\"@type\":\"SearchAction\",\"target\":{\"@type\":\"EntryPoint\",\"urlTemplate\":\"https:\/\/esthetiquemaviesante.fr\/es\/?s={search_term_string}\"},\"query-input\":{\"@type\":\"PropertyValueSpecification\",\"valueRequired\":true,\"valueName\":\"search_term_string\"}}],\"inLanguage\":\"es\"}]}<\/script>\n<!-- \/ Yoast SEO plugin. -->","yoast_head_json":{"title":"MINCEUR TRI-ACTION - Ma Vie Sant\u00e9","robots":{"index":"index","follow":"follow","max-snippet":"max-snippet:-1","max-image-preview":"max-image-preview:large","max-video-preview":"max-video-preview:-1"},"canonical":"https:\/\/esthetiquemaviesante.fr\/es\/product\/minceur-tri-action\/","og_locale":"es_ES","og_type":"article","og_title":"MINCEUR TRI-ACTION - Ma Vie Sant\u00e9","og_description":"Complemento nutricional drenante y saciante","og_url":"https:\/\/esthetiquemaviesante.fr\/es\/product\/minceur-tri-action\/","og_site_name":"Ma Vie Sant\u00e9","article_modified_time":"2024-03-24T18:44:47+00:00","og_image":[{"width":555,"height":555,"url":"https:\/\/esthetiquemaviesante.fr\/wp-content\/uploads\/2024\/03\/5.png","type":"image\/png"}],"twitter_card":"summary_large_image","twitter_misc":{"Tiempo de lectura":"1 minuto"},"schema":{"@context":"https:\/\/schema.org","@graph":[{"@type":"WebPage","@id":"https:\/\/esthetiquemaviesante.fr\/es\/product\/minceur-tri-action\/","url":"https:\/\/esthetiquemaviesante.fr\/es\/product\/minceur-tri-action\/","name":"MINCEUR TRI-ACTION - Ma Vie Sant\u00e9","isPartOf":{"@id":"https:\/\/esthetiquemaviesante.fr\/es\/#website"},"primaryImageOfPage":{"@id":"https:\/\/esthetiquemaviesante.fr\/es\/product\/minceur-tri-action\/#primaryimage"},"image":{"@id":"https:\/\/esthetiquemaviesante.fr\/es\/product\/minceur-tri-action\/#primaryimage"},"thumbnailUrl":"https:\/\/esthetiquemaviesante.fr\/wp-content\/uploads\/2024\/03\/5.png","datePublished":"2024-03-01T09:46:28+00:00","dateModified":"2024-03-24T18:44:47+00:00","breadcrumb":{"@id":"https:\/\/esthetiquemaviesante.fr\/es\/product\/minceur-tri-action\/#breadcrumb"},"inLanguage":"es","potentialAction":[{"@type":"ReadAction","target":["https:\/\/esthetiquemaviesante.fr\/es\/product\/minceur-tri-action\/"]}]},{"@type":"ImageObject","inLanguage":"es","@id":"https:\/\/esthetiquemaviesante.fr\/es\/product\/minceur-tri-action\/#primaryimage","url":"https:\/\/esthetiquemaviesante.fr\/wp-content\/uploads\/2024\/03\/5.png","contentUrl":"https:\/\/esthetiquemaviesante.fr\/wp-content\/uploads\/2024\/03\/5.png","width":555,"height":555},{"@type":"BreadcrumbList","@id":"https:\/\/esthetiquemaviesante.fr\/es\/product\/minceur-tri-action\/#breadcrumb","itemListElement":[{"@type":"ListItem","position":1,"name":"Portada","item":"https:\/\/esthetiquemaviesante.fr\/es\/"},{"@type":"ListItem","position":2,"name":"Tienda","item":"https:\/\/esthetiquemaviesante.fr\/es\/tienda\/"},{"@type":"ListItem","position":3,"name":"MINCEUR TRI-ACTION"}]},{"@type":"WebSite","@id":"https:\/\/esthetiquemaviesante.fr\/es\/#website","url":"https:\/\/esthetiquemaviesante.fr\/es\/","name":"Ma Vie Sant\u00e9","description":"Centro m\u00e9dico est\u00e9tico","potentialAction":[{"@type":"SearchAction","target":{"@type":"EntryPoint","urlTemplate":"https:\/\/esthetiquemaviesante.fr\/es\/?s={search_term_string}"},"query-input":{"@type":"PropertyValueSpecification","valueRequired":true,"valueName":"search_term_string"}}],"inLanguage":"es"}]}},"_links":{"self":[{"href":"https:\/\/esthetiquemaviesante.fr\/es\/wp-json\/wp\/v2\/product\/2984","targetHints":{"allow":["GET"]}}],"collection":[{"href":"https:\/\/esthetiquemaviesante.fr\/es\/wp-json\/wp\/v2\/product"}],"about":[{"href":"https:\/\/esthetiquemaviesante.fr\/es\/wp-json\/wp\/v2\/types\/product"}],"wp:featuredmedia":[{"embeddable":true,"href":"https:\/\/esthetiquemaviesante.fr\/es\/wp-json\/wp\/v2\/media\/2993"}],"wp:attachment":[{"href":"https:\/\/esthetiquemaviesante.fr\/es\/wp-json\/wp\/v2\/media?parent=2984"}],"wp:term":[{"taxonomy":"product_brand","embeddable":true,"href":"https:\/\/esthetiquemaviesante.fr\/es\/wp-json\/wp\/v2\/product_brand?post=2984"},{"taxonomy":"product_cat","embeddable":true,"href":"https:\/\/esthetiquemaviesante.fr\/es\/wp-json\/wp\/v2\/product_cat?post=2984"},{"taxonomy":"product_tag","embeddable":true,"href":"https:\/\/esthetiquemaviesante.fr\/es\/wp-json\/wp\/v2\/product_tag?post=2984"}],"curies":[{"name":"wp","href":"https:\/\/api.w.org\/{rel}","templated":true}]}}