{"id":305,"date":"2015-11-25T20:49:25","date_gmt":"2015-11-25T20:49:25","guid":{"rendered":"https:\/\/esthetiquemaviesante.fr\/?page_id=305"},"modified":"2024-03-01T12:25:57","modified_gmt":"2024-03-01T12:25:57","slug":"blog","status":"publish","type":"page","link":"https:\/\/esthetiquemaviesante.fr\/es\/blog\/","title":{"rendered":"Blog"},"content":{"rendered":"<div class=\"fusion-fullwidth fullwidth-box fusion-builder-row-1 fusion-flex-container nonhundred-percent-fullwidth non-hundred-percent-height-scrolling\" style=\"--awb-background-position:left top;--awb-border-sizes-top:0px;--awb-border-sizes-bottom:0px;--awb-border-sizes-left:0px;--awb-border-sizes-right:0px;--awb-border-radius-top-left:0px;--awb-border-radius-top-right:0px;--awb-border-radius-bottom-right:0px;--awb-border-radius-bottom-left:0px;--awb-padding-top:100px;--awb-padding-bottom:20px;--awb-padding-top-small:60px;--awb-background-color:var(--awb-color2);--awb-flex-wrap:wrap;\" ><div class=\"fusion-builder-row fusion-row fusion-flex-align-items-flex-start fusion-flex-content-wrap\" style=\"max-width:calc( 1200px + 0px );margin-left: calc(-0px \/ 2 );margin-right: calc(-0px \/ 2 );\"><div class=\"fusion-layout-column fusion_builder_column fusion-builder-column-0 fusion_builder_column_1_1 1_1 fusion-flex-column fusion-flex-align-self-flex-start fusion-column-no-min-height\" style=\"--awb-bg-blend:overlay;--awb-bg-size:cover;--awb-width-large:100%;--awb-margin-top-large:0px;--awb-spacing-right-large:0px;--awb-margin-bottom-large:55px;--awb-spacing-left-large:0px;--awb-width-medium:100%;--awb-spacing-right-medium:0px;--awb-spacing-left-medium:0px;--awb-width-small:100%;--awb-spacing-right-small:0px;--awb-spacing-left-small:0px;\"><div class=\"fusion-column-wrapper fusion-flex-justify-content-flex-start fusion-content-layout-column\"><div class=\"fusion-recent-posts fusion-recent-posts-1 avada-container layout-default layout-columns-3\"><section class=\"fusion-columns columns fusion-columns-3 columns-3\"><article class=\"post fusion-column column col col-lg-4 col-md-4 col-sm-4\"><div class=\"fusion-flexslider fusion-flexslider-loading flexslider flexslider-hover-type-zoomin\"><ul class=\"slides\"><li><a href=\"https:\/\/esthetiquemaviesante.fr\/es\/cuidados-faciales-agne\/\" aria-label=\"Cuidados faciales para el acn\u00e9 y posibles tratamientos m\u00e9dico-est\u00e9ticos\" class=\"hover-type-zoomin\"><img decoding=\"async\" width=\"700\" height=\"441\" src=\"https:\/\/esthetiquemaviesante.fr\/wp-content\/uploads\/2015\/11\/acne-700x441.jpg\" class=\"attachment-recent-posts size-recent-posts\" alt=\"\" srcset=\"https:\/\/esthetiquemaviesante.fr\/wp-content\/uploads\/2015\/11\/acne-320x202.jpg 320w, https:\/\/esthetiquemaviesante.fr\/wp-content\/uploads\/2015\/11\/acne-700x441.jpg 700w\" sizes=\"(max-width: 700px) 100vw, 700px\" \/><\/a><\/li><\/ul><\/div><div class=\"recent-posts-content\"><span class=\"vcard\" style=\"display: none;\"><span class=\"fn\"><a href=\"https:\/\/esthetiquemaviesante.fr\/es\/author\/maviesante\/\" title=\"Entradas de Ma Vie Sant\u00e9\" rel=\"author\">Ma Vie Sant\u00e9<\/a><\/span><\/span><span class=\"updated\" style=\"display:none;\">2024-03-24T18:54:11+01:00<\/span><h4 class=\"entry-title\"><a href=\"https:\/\/esthetiquemaviesante.fr\/es\/cuidados-faciales-agne\/\">Cuidados faciales para el acn\u00e9 y posibles tratamientos m\u00e9dico-est\u00e9ticos<\/a><\/h4><p class=\"meta\"><span class=\"vcard\" style=\"display: none;\"><span class=\"fn\"><a href=\"https:\/\/esthetiquemaviesante.fr\/es\/author\/maviesante\/\" title=\"Entradas de Ma Vie Sant\u00e9\" rel=\"author\">Ma Vie Sant\u00e9<\/a><\/span><\/span><span class=\"updated\" style=\"display:none;\">2024-03-24T18:54:11+01:00<\/span><\/p><\/div><\/article><article class=\"post fusion-column column col col-lg-4 col-md-4 col-sm-4\"><div class=\"fusion-flexslider fusion-flexslider-loading flexslider flexslider-hover-type-zoomin\"><ul class=\"slides\"><li><a href=\"https:\/\/esthetiquemaviesante.fr\/es\/micropigmentacion\/\" aria-label=\"Micropigmentaci\u00f3n\" class=\"hover-type-zoomin\"><img decoding=\"async\" width=\"700\" height=\"441\" src=\"https:\/\/esthetiquemaviesante.fr\/wp-content\/uploads\/2023\/10\/miropigmentacion-700x441.jpg\" class=\"attachment-recent-posts size-recent-posts\" alt=\"\" srcset=\"https:\/\/esthetiquemaviesante.fr\/wp-content\/uploads\/2023\/10\/miropigmentacion-320x202.jpg 320w, https:\/\/esthetiquemaviesante.fr\/wp-content\/uploads\/2023\/10\/miropigmentacion-700x441.jpg 700w\" sizes=\"(max-width: 700px) 100vw, 700px\" \/><\/a><\/li><\/ul><\/div><div class=\"recent-posts-content\"><span class=\"vcard\" style=\"display: none;\"><span class=\"fn\"><a href=\"https:\/\/esthetiquemaviesante.fr\/es\/author\/maviesante\/\" title=\"Entradas de Ma Vie Sant\u00e9\" rel=\"author\">Ma Vie Sant\u00e9<\/a><\/span><\/span><span class=\"updated\" style=\"display:none;\">2024-03-24T18:54:24+01:00<\/span><h4 class=\"entry-title\"><a href=\"https:\/\/esthetiquemaviesante.fr\/es\/micropigmentacion\/\">Micropigmentaci\u00f3n<\/a><\/h4><p class=\"meta\"><span class=\"vcard\" style=\"display: none;\"><span class=\"fn\"><a href=\"https:\/\/esthetiquemaviesante.fr\/es\/author\/maviesante\/\" title=\"Entradas de Ma Vie Sant\u00e9\" rel=\"author\">Ma Vie Sant\u00e9<\/a><\/span><\/span><span class=\"updated\" style=\"display:none;\">2024-03-24T18:54:24+01:00<\/span><\/p><\/div><\/article><article class=\"post fusion-column column col col-lg-4 col-md-4 col-sm-4\"><div class=\"fusion-flexslider fusion-flexslider-loading flexslider flexslider-hover-type-zoomin\"><ul class=\"slides\"><li><a href=\"https:\/\/esthetiquemaviesante.fr\/es\/celulitis-causas-soluciones\/\" aria-label=\"La Celulitis: Causas y Posibles Soluciones M\u00e9dico-Est\u00e9ticas\" class=\"hover-type-zoomin\"><img decoding=\"async\" width=\"700\" height=\"441\" src=\"https:\/\/esthetiquemaviesante.fr\/wp-content\/uploads\/2015\/11\/celulitis-700x441.jpg\" class=\"attachment-recent-posts size-recent-posts\" alt=\"\" srcset=\"https:\/\/esthetiquemaviesante.fr\/wp-content\/uploads\/2015\/11\/celulitis-320x202.jpg 320w, https:\/\/esthetiquemaviesante.fr\/wp-content\/uploads\/2015\/11\/celulitis-700x441.jpg 700w\" sizes=\"(max-width: 700px) 100vw, 700px\" \/><\/a><\/li><\/ul><\/div><div class=\"recent-posts-content\"><span class=\"vcard\" style=\"display: none;\"><span class=\"fn\"><a href=\"https:\/\/esthetiquemaviesante.fr\/es\/author\/dev_r05stdas\/\" title=\"Entradas de admin\" rel=\"author\">admin<\/a><\/span><\/span><span class=\"updated\" style=\"display:none;\">2024-03-24T18:54:36+01:00<\/span><h4 class=\"entry-title\"><a href=\"https:\/\/esthetiquemaviesante.fr\/es\/celulitis-causas-soluciones\/\">La Celulitis: Causas y Posibles Soluciones M\u00e9dico-Est\u00e9ticas<\/a><\/h4><p class=\"meta\"><span class=\"vcard\" style=\"display: none;\"><span class=\"fn\"><a href=\"https:\/\/esthetiquemaviesante.fr\/es\/author\/dev_r05stdas\/\" title=\"Entradas de admin\" rel=\"author\">admin<\/a><\/span><\/span><span class=\"updated\" style=\"display:none;\">2024-03-24T18:54:36+01:00<\/span><\/p><\/div><\/article><\/section><\/div><div style=\"text-align:center;\"><a class=\"fusion-button button-flat fusion-button-default-size button-default fusion-button-default button-1 fusion-button-default-span fusion-button-default-type\" target=\"_self\" href=\"https:\/\/esthetiquemaviesante.fr\/contacto\/\"><span class=\"fusion-button-text awb-button__text awb-button__text--default\">CONTACTANOS<\/span><\/a><\/div><\/div><\/div><\/div><\/div>\n","protected":false},"excerpt":{"rendered":"","protected":false},"author":1,"featured_media":0,"parent":0,"menu_order":50,"comment_status":"closed","ping_status":"closed","template":"100-width.php","meta":{"footnotes":""},"class_list":["post-305","page","type-page","status-publish","hentry"],"yoast_head":"<!-- This site is optimized with the Yoast SEO plugin v27.2 - https:\/\/yoast.com\/product\/yoast-seo-wordpress\/ -->\n<title>Blog - Ma Vie Sant\u00e9<\/title>\n<meta name=\"robots\" content=\"index, follow, max-snippet:-1, max-image-preview:large, max-video-preview:-1\" \/>\n<link rel=\"canonical\" href=\"https:\/\/esthetiquemaviesante.fr\/es\/blog\/\" \/>\n<meta property=\"og:locale\" content=\"es_ES\" \/>\n<meta property=\"og:type\" content=\"article\" \/>\n<meta property=\"og:title\" content=\"Blog - Ma Vie Sant\u00e9\" \/>\n<meta property=\"og:url\" content=\"https:\/\/esthetiquemaviesante.fr\/es\/blog\/\" \/>\n<meta property=\"og:site_name\" content=\"Ma Vie Sant\u00e9\" \/>\n<meta property=\"article:modified_time\" content=\"2024-03-01T12:25:57+00:00\" \/>\n<meta name=\"twitter:card\" content=\"summary_large_image\" \/>\n<meta name=\"twitter:label1\" content=\"Tiempo de lectura\" \/>\n\t<meta name=\"twitter:data1\" content=\"1 minuto\" \/>\n<script type=\"application\/ld+json\" class=\"yoast-schema-graph\">{\"@context\":\"https:\/\/schema.org\",\"@graph\":[{\"@type\":\"WebPage\",\"@id\":\"https:\/\/esthetiquemaviesante.fr\/es\/blog\/\",\"url\":\"https:\/\/esthetiquemaviesante.fr\/es\/blog\/\",\"name\":\"Blog - Ma Vie Sant\u00e9\",\"isPartOf\":{\"@id\":\"https:\/\/esthetiquemaviesante.fr\/es\/#website\"},\"datePublished\":\"2015-11-25T20:49:25+00:00\",\"dateModified\":\"2024-03-01T12:25:57+00:00\",\"breadcrumb\":{\"@id\":\"https:\/\/esthetiquemaviesante.fr\/es\/blog\/#breadcrumb\"},\"inLanguage\":\"es\",\"potentialAction\":[{\"@type\":\"ReadAction\",\"target\":[\"https:\/\/esthetiquemaviesante.fr\/es\/blog\/\"]}]},{\"@type\":\"BreadcrumbList\",\"@id\":\"https:\/\/esthetiquemaviesante.fr\/es\/blog\/#breadcrumb\",\"itemListElement\":[{\"@type\":\"ListItem\",\"position\":1,\"name\":\"Portada\",\"item\":\"https:\/\/esthetiquemaviesante.fr\/es\/\"},{\"@type\":\"ListItem\",\"position\":2,\"name\":\"Blog\"}]},{\"@type\":\"WebSite\",\"@id\":\"https:\/\/esthetiquemaviesante.fr\/es\/#website\",\"url\":\"https:\/\/esthetiquemaviesante.fr\/es\/\",\"name\":\"Ma Vie Sant\u00e9\",\"description\":\"Centro m\u00e9dico est\u00e9tico\",\"potentialAction\":[{\"@type\":\"SearchAction\",\"target\":{\"@type\":\"EntryPoint\",\"urlTemplate\":\"https:\/\/esthetiquemaviesante.fr\/es\/?s={search_term_string}\"},\"query-input\":{\"@type\":\"PropertyValueSpecification\",\"valueRequired\":true,\"valueName\":\"search_term_string\"}}],\"inLanguage\":\"es\"}]}<\/script>\n<!-- \/ Yoast SEO plugin. -->","yoast_head_json":{"title":"Blog - Ma Vie Sant\u00e9","robots":{"index":"index","follow":"follow","max-snippet":"max-snippet:-1","max-image-preview":"max-image-preview:large","max-video-preview":"max-video-preview:-1"},"canonical":"https:\/\/esthetiquemaviesante.fr\/es\/blog\/","og_locale":"es_ES","og_type":"article","og_title":"Blog - Ma Vie Sant\u00e9","og_url":"https:\/\/esthetiquemaviesante.fr\/es\/blog\/","og_site_name":"Ma Vie Sant\u00e9","article_modified_time":"2024-03-01T12:25:57+00:00","twitter_card":"summary_large_image","twitter_misc":{"Tiempo de lectura":"1 minuto"},"schema":{"@context":"https:\/\/schema.org","@graph":[{"@type":"WebPage","@id":"https:\/\/esthetiquemaviesante.fr\/es\/blog\/","url":"https:\/\/esthetiquemaviesante.fr\/es\/blog\/","name":"Blog - Ma Vie Sant\u00e9","isPartOf":{"@id":"https:\/\/esthetiquemaviesante.fr\/es\/#website"},"datePublished":"2015-11-25T20:49:25+00:00","dateModified":"2024-03-01T12:25:57+00:00","breadcrumb":{"@id":"https:\/\/esthetiquemaviesante.fr\/es\/blog\/#breadcrumb"},"inLanguage":"es","potentialAction":[{"@type":"ReadAction","target":["https:\/\/esthetiquemaviesante.fr\/es\/blog\/"]}]},{"@type":"BreadcrumbList","@id":"https:\/\/esthetiquemaviesante.fr\/es\/blog\/#breadcrumb","itemListElement":[{"@type":"ListItem","position":1,"name":"Portada","item":"https:\/\/esthetiquemaviesante.fr\/es\/"},{"@type":"ListItem","position":2,"name":"Blog"}]},{"@type":"WebSite","@id":"https:\/\/esthetiquemaviesante.fr\/es\/#website","url":"https:\/\/esthetiquemaviesante.fr\/es\/","name":"Ma Vie Sant\u00e9","description":"Centro m\u00e9dico est\u00e9tico","potentialAction":[{"@type":"SearchAction","target":{"@type":"EntryPoint","urlTemplate":"https:\/\/esthetiquemaviesante.fr\/es\/?s={search_term_string}"},"query-input":{"@type":"PropertyValueSpecification","valueRequired":true,"valueName":"search_term_string"}}],"inLanguage":"es"}]}},"_links":{"self":[{"href":"https:\/\/esthetiquemaviesante.fr\/es\/wp-json\/wp\/v2\/pages\/305","targetHints":{"allow":["GET"]}}],"collection":[{"href":"https:\/\/esthetiquemaviesante.fr\/es\/wp-json\/wp\/v2\/pages"}],"about":[{"href":"https:\/\/esthetiquemaviesante.fr\/es\/wp-json\/wp\/v2\/types\/page"}],"author":[{"embeddable":true,"href":"https:\/\/esthetiquemaviesante.fr\/es\/wp-json\/wp\/v2\/users\/1"}],"replies":[{"embeddable":true,"href":"https:\/\/esthetiquemaviesante.fr\/es\/wp-json\/wp\/v2\/comments?post=305"}],"version-history":[{"count":0,"href":"https:\/\/esthetiquemaviesante.fr\/es\/wp-json\/wp\/v2\/pages\/305\/revisions"}],"wp:attachment":[{"href":"https:\/\/esthetiquemaviesante.fr\/es\/wp-json\/wp\/v2\/media?parent=305"}],"curies":[{"name":"wp","href":"https:\/\/api.w.org\/{rel}","templated":true}]}}