{"id":3024,"date":"2024-03-01T12:16:23","date_gmt":"2024-03-01T12:16:23","guid":{"rendered":"https:\/\/esthetiquemaviesante.fr\/?page_id=3024"},"modified":"2024-12-03T09:59:37","modified_gmt":"2024-12-03T08:59:37","slug":"politica-privacidad","status":"publish","type":"page","link":"https:\/\/esthetiquemaviesante.fr\/es\/politica-privacidad\/","title":{"rendered":"Pol\u00edtica de Privacidad"},"content":{"rendered":"<div class=\"fusion-fullwidth fullwidth-box fusion-builder-row-1 fusion-flex-container nonhundred-percent-fullwidth non-hundred-percent-height-scrolling\" style=\"--awb-background-position:left top;--awb-border-sizes-top:0px;--awb-border-sizes-bottom:0px;--awb-border-sizes-left:0px;--awb-border-sizes-right:0px;--awb-border-radius-top-left:0px;--awb-border-radius-top-right:0px;--awb-border-radius-bottom-right:0px;--awb-border-radius-bottom-left:0px;--awb-padding-top:70px;--awb-padding-bottom:60px;--awb-padding-top-medium:60px;--awb-padding-top-small:80px;--awb-padding-bottom-small:30px;--awb-background-color:var(--awb-color1);--awb-flex-wrap:wrap;\" ><div class=\"fusion-builder-row fusion-row fusion-flex-align-items-flex-start fusion-flex-content-wrap\" style=\"max-width:1248px;margin-left: calc(-4% \/ 2 );margin-right: calc(-4% \/ 2 );\"><div class=\"fusion-layout-column fusion_builder_column fusion-builder-column-0 fusion_builder_column_1_1 1_1 fusion-flex-column\" style=\"--awb-bg-blend:overlay;--awb-bg-size:cover;--awb-width-large:100%;--awb-margin-top-large:0px;--awb-spacing-right-large:1.92%;--awb-margin-bottom-large:20px;--awb-spacing-left-large:1.92%;--awb-width-medium:100%;--awb-spacing-right-medium:1.92%;--awb-spacing-left-medium:1.92%;--awb-width-small:100%;--awb-spacing-right-small:1.92%;--awb-spacing-left-small:1.92%;\"><div class=\"fusion-column-wrapper fusion-flex-justify-content-flex-start fusion-content-layout-column\"><div class=\"fusion-title title fusion-title-1 fusion-sep-none fusion-title-center fusion-title-text fusion-title-size-div\" style=\"--awb-text-color:var(--awb-color5);--awb-margin-top-small:10px;--awb-margin-right-small:0px;--awb-margin-bottom-small:10px;--awb-margin-left-small:0px;--awb-font-size:var(--awb-typography2-font-size);\"><div class=\"fusion-title-heading title-heading-center title-heading-tag\" style=\"font-family:var(--awb-typography2-font-family);font-weight:var(--awb-typography2-font-weight);font-style:var(--awb-typography2-font-style);margin:0;letter-spacing:var(--awb-typography2-letter-spacing);text-transform:var(--awb-typography2-text-transform);font-size:1em;line-height:var(--awb-typography2-line-height);\">POL\u00cdTICA DE PRIVACIDAD<\/div><\/div><div class=\"fusion-separator\" style=\"align-self: center;margin-left: auto;margin-right: auto;margin-top:5px;margin-bottom:20px;width:100%;max-width:30px;\"><div class=\"fusion-separator-border sep-single sep-solid\" style=\"--awb-height:20px;--awb-amount:20px;--awb-sep-color:var(--awb-color5);border-color:var(--awb-color5);border-top-width:1px;\"><\/div><\/div><div class=\"fusion-title title fusion-title-2 fusion-sep-none fusion-title-center fusion-title-text fusion-title-size-four\" style=\"--awb-margin-top-small:10px;--awb-margin-right-small:0px;--awb-margin-bottom-small:10px;--awb-margin-left-small:0px;--awb-font-size:var(--awb-custom_typography_1-font-size);\"><h4 class=\"fusion-title-heading title-heading-center\" style=\"font-family:var(--awb-custom_typography_1-font-family);font-weight:var(--awb-custom_typography_1-font-weight);font-style:var(--awb-custom_typography_1-font-style);margin:0;letter-spacing:var(--awb-custom_typography_1-letter-spacing);text-transform:var(--awb-custom_typography_1-text-transform);font-size:1em;line-height:var(--awb-custom_typography_1-line-height);\"><\/h4><\/div><div class=\"fusion-text fusion-text-1\"><p style=\"color: var(--awb-color4);\"><b style=\"font-size: 14px;\" data-fusion-font=\"true\">1. INFORMACI\u00d3N AL USUARIO<\/b><\/p>\n<p><span style=\"color: var(--awb-color4); font-size: 14px;\" data-fusion-font=\"true\">\u00bfQui\u00e9n es el responsable del tratamiento de tus datos personales?<\/span><\/p>\n<p><span style=\"color: var(--awb-color8); font-size: 14px;\" data-fusion-font=\"true\">SERVMADIMED, S.L. es el RESPONSABLE del tratamiento de los datos personales del USUARIO y le <\/span><span style=\"color: var(--awb-color8); font-family: var(--awb-text-font-family); font-size: 14px; font-style: var(--awb-text-font-style); font-weight: var(--awb-text-font-weight); letter-spacing: var(--awb-letter-spacing); text-align: var(--awb-content-alignment); text-transform: var(--awb-text-transform); background-color: var(--awb-bg-color-hover);\" data-fusion-font=\"true\">informa de que estos datos ser\u00e1n tratados de conformidad con lo dispuesto en el Reglamento (UE) 2016\/679, de 27 de abril (GDPR), y la Ley Org\u00e1nica 3\/2018, de 5 de diciembre (LOPDGDD).<\/span><\/p>\n<p style=\"color: var(--awb-color4); font-size: 14px;\" data-fusion-font=\"true\">\u00bfPara qu\u00e9 tratamos tus datos personales?<\/p>\n<p><span style=\"color: var(--awb-color8); font-size: 14px;\" data-fusion-font=\"true\">Para mantener una relaci\u00f3n comercial con el usuario. Las operaciones previstas para realizar el tratamiento <\/span><span style=\"color: var(--awb-color8); font-family: var(--awb-text-font-family); font-size: 14px; font-style: var(--awb-text-font-style); font-weight: var(--awb-text-font-weight); letter-spacing: var(--awb-letter-spacing); text-align: var(--awb-content-alignment); text-transform: var(--awb-text-transform); background-color: var(--awb-bg-color-hover);\" data-fusion-font=\"true\">son:<\/span><\/p>\n<ul>\n<li><span style=\"color: var(--awb-color8); font-size: 14px;\" data-fusion-font=\"true\">Remisi\u00f3n de comunicaciones comerciales publicitarias por e-mail, fax, SMS, MMS, redes sociales <\/span><span style=\"color: var(--awb-color8); font-family: var(--awb-text-font-family); font-size: 14px; font-style: var(--awb-text-font-style); font-weight: var(--awb-text-font-weight); letter-spacing: var(--awb-letter-spacing); text-align: var(--awb-content-alignment); text-transform: var(--awb-text-transform); background-color: var(--awb-bg-color-hover);\" data-fusion-font=\"true\">o cualquier otro medio electr\u00f3nico o f\u00edsico, presente o futuro, que posibilite realizar comunicaciones comerciales. Estas comunicaciones ser\u00e1n realizadas por el RESPONSABLE y estar\u00e1n <\/span><span style=\"color: var(--awb-color8); font-size: 14px;\" data-fusion-font=\"true\">relacionadas con sus productos y servicios, o de sus colaboradores o proveedores, con los que <\/span><span style=\"color: var(--awb-color8); font-family: var(--awb-text-font-family); font-size: 14px; font-style: var(--awb-text-font-style); font-weight: var(--awb-text-font-weight); letter-spacing: var(--awb-letter-spacing); text-align: var(--awb-content-alignment); text-transform: var(--awb-text-transform); background-color: var(--awb-bg-color-hover);\" data-fusion-font=\"true\">este haya alcanzado alg\u00fan acuerdo de promoci\u00f3n. En este caso, los terceros nunca tendr\u00e1n acceso a los datos personales.<\/span><\/li>\n<li><span style=\"color: var(--awb-color8); font-size: 14px;\" data-fusion-font=\"true\">Realizar estudios de mercado y an\u00e1lisis estad\u00edsticos.<\/span><\/li>\n<li><span style=\"color: var(--awb-color8); font-size: 14px;\" data-fusion-font=\"true\">Tramitar encargos, solicitudes, dar respuesta a las consultas o cualquier tipo de petici\u00f3n que sea <\/span><span style=\"color: var(--awb-color8); font-family: var(--awb-text-font-family); font-size: 14px; font-style: var(--awb-text-font-style); font-weight: var(--awb-text-font-weight); letter-spacing: var(--awb-letter-spacing); text-align: var(--awb-content-alignment); text-transform: var(--awb-text-transform); background-color: var(--awb-bg-color-hover);\" data-fusion-font=\"true\">realizada por el USUARIO a trav\u00e9s de cualquiera de las formas de contacto que se ponen a su disposici\u00f3n en la p\u00e1gina web del RESPONSABLE.<\/span><\/li>\n<li><span style=\"color: var(--awb-color8); font-size: 14px;\" data-fusion-font=\"true\">Remitir el bolet\u00edn informativo online, sobre novedades, ofertas y promociones en nuestra actividad.<\/span><\/li>\n<\/ul>\n<p><span style=\"color: var(--awb-color4); font-family: var(--awb-text-font-family); font-size: 14px; font-style: var(--awb-text-font-style); font-weight: var(--awb-text-font-weight); letter-spacing: var(--awb-letter-spacing); text-align: var(--awb-content-alignment); text-transform: var(--awb-text-transform); background-color: var(--awb-bg-color);\" data-fusion-font=\"true\">\u00bfPor qu\u00e9 motivo podemos tratar tus datos personales?<\/span><\/p>\n<p style=\"color: var(--awb-color8); font-family: var(--awb-text-font-family); font-size: 14px; font-style: var(--awb-text-font-style); font-weight: var(--awb-text-font-weight); letter-spacing: var(--awb-letter-spacing); text-align: var(--awb-content-alignment); text-transform: var(--awb-text-transform); background-color: var(--awb-bg-color); display: inline !important;\" data-fusion-font=\"true\">Porque el tratamiento est\u00e1 legitimado por el art\u00edculo 6 del GDPR de la siguiente forma:<\/p>\n<ul>\n<li><span style=\"color: var(--awb-color8); font-size: 14px;\" data-fusion-font=\"true\">Con el consentimiento del USUARIO: remisi\u00f3n de comunicaciones comerciales y del bolet\u00edn informativo.<\/span><\/li>\n<li><span style=\"color: var(--awb-color8); font-size: 14px;\" data-fusion-font=\"true\"> Por inter\u00e9s leg\u00edtimo del RESPONSABLE: realizar estudios de mercado,an\u00e1lisis estad\u00edsticos, etc. y tramitar encargos, solicitudes, etc. a petici\u00f3n del USUARIO.<\/span><\/li>\n<\/ul>\n<p><span style=\"color: var(--awb-color4); font-family: var(--awb-text-font-family); font-size: 14px; font-style: var(--awb-text-font-style); font-weight: var(--awb-text-font-weight); letter-spacing: var(--awb-letter-spacing); text-align: var(--awb-content-alignment); text-transform: var(--awb-text-transform); background-color: var(--awb-bg-color);\" data-fusion-font=\"true\">\u00bfDurante cu\u00e1nto tiempo guardaremos tus datos personales?<\/span><\/p>\n<p style=\"color: var(--awb-color8); font-family: var(--awb-text-font-family); font-size: 14px; font-style: var(--awb-text-font-style); font-weight: var(--awb-text-font-weight); letter-spacing: var(--awb-letter-spacing); text-align: var(--awb-content-alignment); text-transform: var(--awb-text-transform); background-color: var(--awb-bg-color); display: inline !important;\" data-fusion-font=\"true\">Se conservar\u00e1n durante no m\u00e1s tiempo del necesario para mantener el fin del tratamiento o existan<\/p>\n<p><span style=\"background-color: var(--awb-bg-color); color: var(--awb-color8); font-family: var(--awb-text-font-family); font-size: 14px; font-style: var(--awb-text-font-style); font-weight: var(--awb-text-font-weight); letter-spacing: var(--awb-letter-spacing); text-align: var(--awb-content-alignment); text-transform: var(--awb-text-transform);\" data-fusion-font=\"true\">prescripciones legales que dictaminen su custodia y cuando ya no sea necesario para ello, se suprimir\u00e1n con medidas de seguridad adecuadas para garantizar la anonimizaci\u00f3n de los datos o la destrucci\u00f3n total de los mismos.<\/span><\/p>\n<div>\n<p style=\"color: var(--awb-text-color); font-family: var(--awb-text-font-family); font-size: var(--awb-font-size); font-style: var(--awb-text-font-style); font-weight: var(--awb-text-font-weight); letter-spacing: var(--awb-letter-spacing); text-align: var(--awb-content-alignment); text-transform: var(--awb-text-transform); background-color: var(--awb-bg-color);\"><span style=\"background-color: var(--awb-bg-color); color: var(--awb-color4); font-family: var(--awb-text-font-family); font-size: 14px; font-style: var(--awb-text-font-style); font-weight: var(--awb-text-font-weight); letter-spacing: var(--awb-letter-spacing); text-align: var(--awb-content-alignment); text-transform: var(--awb-text-transform);\" data-fusion-font=\"true\">\u00bfA qui\u00e9n facilitamos tus datos personales?<\/span><br \/>\n<span style=\"font-size: 14px;\" data-fusion-font=\"true\"><br \/>\n<\/span><span style=\"background-color: var(--awb-bg-color); color: var(--awb-text-color); font-family: var(--awb-text-font-family); font-size: 14px; font-style: var(--awb-text-font-style); font-weight: var(--awb-text-font-weight); letter-spacing: var(--awb-letter-spacing); text-align: var(--awb-content-alignment); text-transform: var(--awb-text-transform);\" data-fusion-font=\"true\">No est\u00e1 prevista ninguna comunicaci\u00f3n de datos personales a terceros salvo, si fuese necesario para el desarrollo y ejecuci\u00f3n de las finalidades del tratamiento, a nuestros proveedores de servicios relacionados con comunicaciones, con los cuales el RESPONSABLE tiene suscritos los contratos de confidencialidad y de encargado de tratamiento exigidos por la normativa vigente de privacidad.<\/span><\/p>\n<p style=\"color: var(--awb-color4); font-size: 14px;\" data-fusion-font=\"true\">\u00bfCu\u00e1les son tus derechos?<\/p>\n<p style=\"font-size: 14px;\" data-fusion-font=\"true\">Los derechos que asisten al USUARIO son:<\/p>\n<ul>\n<li><span style=\"font-size: 14px;\" data-fusion-font=\"true\">Derecho a retirar el consentimiento en cualquier momento.<\/span><\/li>\n<li><span style=\"font-size: 14px;\" data-fusion-font=\"true\">Derecho de acceso, rectificaci\u00f3n, portabilidad y supresi\u00f3n de sus datos, y de limitaci\u00f3n u oposici\u00f3n <\/span><span style=\"color: var(--awb-text-color); font-family: var(--awb-text-font-family); font-size: 14px; font-style: var(--awb-text-font-style); font-weight: var(--awb-text-font-weight); letter-spacing: var(--awb-letter-spacing); text-align: var(--awb-content-alignment); text-transform: var(--awb-text-transform); background-color: var(--awb-bg-color-hover);\" data-fusion-font=\"true\">a su tratamiento.<\/span><\/li>\n<li><span style=\"font-size: 14px;\" data-fusion-font=\"true\">Derecho a presentar una reclamaci\u00f3n ante la autoridad de control (www.aepd.es) si considera que <\/span><span style=\"color: var(--awb-text-color); font-family: var(--awb-text-font-family); font-size: 14px; font-style: var(--awb-text-font-style); font-weight: var(--awb-text-font-weight); letter-spacing: var(--awb-letter-spacing); text-align: var(--awb-content-alignment); text-transform: var(--awb-text-transform); background-color: var(--awb-bg-color-hover);\" data-fusion-font=\"true\">el tratamiento no se ajusta a la normativa vigente.<\/span><\/li>\n<\/ul>\n<p style=\"color: var(--awb-color4); font-size: 14px;\" data-fusion-font=\"true\">Datos de contacto para ejercer sus derechos:<\/p>\n<p style=\"font-size: 14px;\" data-fusion-font=\"true\">SERVMADIMED, S.L. C\/RIU FRESER, 51 2o 1o 17003 GIRONA E-mail: servmadimed@gmail.com<\/p>\n<p><b style=\"color: var(--awb-text-color); font-family: var(--awb-text-font-family); font-size: var(--awb-font-size); font-style: var(--awb-text-font-style); letter-spacing: var(--awb-letter-spacing); text-align: var(--awb-content-alignment); text-transform: var(--awb-text-transform); background-color: var(--awb-bg-color-hover);\"><span style=\"color: var(--awb-color5); font-size: 14px;\" data-fusion-font=\"true\">\u00a0<\/span><\/b><\/p>\n<p><b style=\"color: var(--awb-text-color); font-family: var(--awb-text-font-family); font-size: var(--awb-font-size); font-style: var(--awb-text-font-style); letter-spacing: var(--awb-letter-spacing); text-align: var(--awb-content-alignment); text-transform: var(--awb-text-transform); background-color: var(--awb-bg-color-hover);\"><span style=\"color: var(--awb-color5); font-size: 14px;\" data-fusion-font=\"true\">2. CAR\u00c1CTER OBLIGATORIO O FACULTATIVO DE LA INFORMACI\u00d3N FACILITADA <\/span><span style=\"font-family: var(--awb-text-font-family); font-size: 14px; font-style: var(--awb-text-font-style); letter-spacing: var(--awb-letter-spacing); text-align: var(--awb-content-alignment); text-transform: var(--awb-text-transform); background-color: var(--awb-bg-color-hover); color: var(--awb-color5);\" data-fusion-font=\"true\">POR EL USUARIO<\/span><\/b><\/p>\n<p><span style=\"font-size: 14px;\" data-fusion-font=\"true\">Los USUARIOS, mediante la marcaci\u00f3n de las casillas correspondientes y la entrada de datos en los <\/span><span style=\"color: var(--awb-text-color); font-family: var(--awb-text-font-family); font-size: 14px; font-style: var(--awb-text-font-style); font-weight: var(--awb-text-font-weight); letter-spacing: var(--awb-letter-spacing); text-align: var(--awb-content-alignment); text-transform: var(--awb-text-transform); background-color: var(--awb-bg-color-hover);\" data-fusion-font=\"true\">campos, marcados con un asterisco (*) en el formulario de contacto o presentados en formularios de descarga, aceptan expresamente y de forma libre e inequ\u00edvoca, que sus datos son necesarios para atender su petici\u00f3n, por parte del prestador, siendo voluntaria la inclusi\u00f3n de datos en los campos restantes. El USUARIO garantiza que los datos personales facilitados al RESPONSABLE son veraces y se hace responsable de comunicar cualquier modificaci\u00f3n de los mismos.<\/span><\/p>\n<p><span style=\"font-size: 14px;\" data-fusion-font=\"true\">El RESPONSABLE informa de que todos los datos solicitados a trav\u00e9s del sitio web son obligatorios, ya <\/span><span style=\"color: var(--awb-text-color); font-family: var(--awb-text-font-family); font-size: 14px; font-style: var(--awb-text-font-style); font-weight: var(--awb-text-font-weight); letter-spacing: var(--awb-letter-spacing); text-align: var(--awb-content-alignment); text-transform: var(--awb-text-transform); background-color: var(--awb-bg-color-hover);\" data-fusion-font=\"true\">que son necesarios para la prestaci\u00f3n de un servicio \u00f3ptimo al USUARIO. En caso de que no se faciliten todos los datos, no se garantiza que la informaci\u00f3n y servicios facilitados sean completamente ajustados a sus necesidades.<\/span><\/p>\n<p><span style=\"color: var(--awb-text-color); font-family: var(--awb-text-font-family); font-size: var(--awb-font-size); font-style: var(--awb-text-font-style); font-weight: var(--awb-text-font-weight); letter-spacing: var(--awb-letter-spacing); text-align: var(--awb-content-alignment); text-transform: var(--awb-text-transform); background-color: var(--awb-bg-color-hover);\">\u00a0<\/span><\/p>\n<p><b style=\"color: var(--awb-color4); font-size: 14px;\" data-fusion-font=\"true\">3. MEDIDAS DE SEGURIDAD<\/b><\/p>\n<p><span style=\"font-size: 14px;\" data-fusion-font=\"true\">Que de conformidad con lo dispuesto en las normativas vigentes en protecci\u00f3n de datos personales, el <\/span><span style=\"color: var(--awb-text-color); font-family: var(--awb-text-font-family); font-size: 14px; font-style: var(--awb-text-font-style); font-weight: var(--awb-text-font-weight); letter-spacing: var(--awb-letter-spacing); text-align: var(--awb-content-alignment); text-transform: var(--awb-text-transform); background-color: var(--awb-bg-color-hover);\" data-fusion-font=\"true\">RESPONSABLE est\u00e1 cumpliendo con todas las disposiciones de las normativas GDPR y LOPDGDD para el tratamiento de los datos personales de su responsabilidad, y manifiestamente con los principios descritos en el art\u00edculo 5 del GDPR, por los cuales son tratados de manera l\u00edcita, leal y transparente en relaci\u00f3n con el interesado y adecuados, pertinentes y limitados a lo necesario en relaci\u00f3n con los fines para los que son tratados.<\/span><\/p>\n<p><span style=\"font-size: 14px;\" data-fusion-font=\"true\">El RESPONSABLE garantiza que ha implementado pol\u00edticas t\u00e9cnicas y organizativas apropiadas para <\/span><span style=\"color: var(--awb-text-color); font-family: var(--awb-text-font-family); font-size: 14px; font-style: var(--awb-text-font-style); font-weight: var(--awb-text-font-weight); letter-spacing: var(--awb-letter-spacing); text-align: var(--awb-content-alignment); text-transform: var(--awb-text-transform); background-color: var(--awb-bg-color-hover);\" data-fusion-font=\"true\">aplicar las medidas de seguridad que establecen el GDPR y la LOPDGDD con el fin de proteger los derechos y libertades de los USUARIOS y les ha comunicado la informaci\u00f3n adecuada para que puedan ejercerlos.<\/span><\/p>\n<p><span style=\"font-size: 14px;\" data-fusion-font=\"true\">Para m\u00e1s informaci\u00f3n sobre las garant\u00edas de privacidad, puedes dirigirte al RESPONSABLE a trav\u00e9s de <\/span><span style=\"color: var(--awb-text-color); font-family: var(--awb-text-font-family); font-size: 14px; font-style: var(--awb-text-font-style); font-weight: var(--awb-text-font-weight); letter-spacing: var(--awb-letter-spacing); text-align: var(--awb-content-alignment); text-transform: var(--awb-text-transform); background-color: var(--awb-bg-color-hover);\" data-fusion-font=\"true\">SERVMADIMED, S.L. C\/RIU FRESER, 51 2o 1o 17003 GIRONA E-mail: servmadimed@gmail.com<\/span><\/p>\n<\/div>\n<\/div><\/div><\/div><\/div><\/div>\n","protected":false},"excerpt":{"rendered":"","protected":false},"author":5,"featured_media":0,"parent":0,"menu_order":1000,"comment_status":"open","ping_status":"closed","template":"100-width.php","meta":{"footnotes":""},"class_list":["post-3024","page","type-page","status-publish","hentry"],"yoast_head":"<!-- This site is optimized with the Yoast SEO plugin v27.2 - https:\/\/yoast.com\/product\/yoast-seo-wordpress\/ -->\n<title>Pol\u00edtica de Privacidad - Ma Vie Sant\u00e9<\/title>\n<meta name=\"robots\" content=\"noindex, nofollow\" \/>\n<meta property=\"og:locale\" content=\"es_ES\" \/>\n<meta property=\"og:type\" content=\"article\" \/>\n<meta property=\"og:title\" content=\"Pol\u00edtica de Privacidad - Ma Vie Sant\u00e9\" \/>\n<meta property=\"og:url\" content=\"https:\/\/esthetiquemaviesante.fr\/es\/politica-privacidad\/\" \/>\n<meta property=\"og:site_name\" content=\"Ma Vie Sant\u00e9\" \/>\n<meta property=\"article:modified_time\" content=\"2024-12-03T08:59:37+00:00\" \/>\n<meta name=\"twitter:card\" content=\"summary_large_image\" \/>\n<meta name=\"twitter:label1\" content=\"Tiempo de lectura\" \/>\n\t<meta name=\"twitter:data1\" content=\"4 minutos\" \/>\n<script type=\"application\/ld+json\" class=\"yoast-schema-graph\">{\"@context\":\"https:\/\/schema.org\",\"@graph\":[{\"@type\":\"WebPage\",\"@id\":\"https:\/\/esthetiquemaviesante.fr\/es\/politica-privacidad\/\",\"url\":\"https:\/\/esthetiquemaviesante.fr\/es\/politica-privacidad\/\",\"name\":\"Pol\u00edtica de Privacidad - Ma Vie Sant\u00e9\",\"isPartOf\":{\"@id\":\"https:\/\/esthetiquemaviesante.fr\/es\/#website\"},\"datePublished\":\"2024-03-01T12:16:23+00:00\",\"dateModified\":\"2024-12-03T08:59:37+00:00\",\"breadcrumb\":{\"@id\":\"https:\/\/esthetiquemaviesante.fr\/es\/politica-privacidad\/#breadcrumb\"},\"inLanguage\":\"es\",\"potentialAction\":[{\"@type\":\"ReadAction\",\"target\":[\"https:\/\/esthetiquemaviesante.fr\/es\/politica-privacidad\/\"]}]},{\"@type\":\"BreadcrumbList\",\"@id\":\"https:\/\/esthetiquemaviesante.fr\/es\/politica-privacidad\/#breadcrumb\",\"itemListElement\":[{\"@type\":\"ListItem\",\"position\":1,\"name\":\"Portada\",\"item\":\"https:\/\/esthetiquemaviesante.fr\/es\/\"},{\"@type\":\"ListItem\",\"position\":2,\"name\":\"Pol\u00edtica de Privacidad\"}]},{\"@type\":\"WebSite\",\"@id\":\"https:\/\/esthetiquemaviesante.fr\/es\/#website\",\"url\":\"https:\/\/esthetiquemaviesante.fr\/es\/\",\"name\":\"Ma Vie Sant\u00e9\",\"description\":\"Centro m\u00e9dico est\u00e9tico\",\"potentialAction\":[{\"@type\":\"SearchAction\",\"target\":{\"@type\":\"EntryPoint\",\"urlTemplate\":\"https:\/\/esthetiquemaviesante.fr\/es\/?s={search_term_string}\"},\"query-input\":{\"@type\":\"PropertyValueSpecification\",\"valueRequired\":true,\"valueName\":\"search_term_string\"}}],\"inLanguage\":\"es\"}]}<\/script>\n<!-- \/ Yoast SEO plugin. -->","yoast_head_json":{"title":"Pol\u00edtica de Privacidad - Ma Vie Sant\u00e9","robots":{"index":"noindex","follow":"nofollow"},"og_locale":"es_ES","og_type":"article","og_title":"Pol\u00edtica de Privacidad - Ma Vie Sant\u00e9","og_url":"https:\/\/esthetiquemaviesante.fr\/es\/politica-privacidad\/","og_site_name":"Ma Vie Sant\u00e9","article_modified_time":"2024-12-03T08:59:37+00:00","twitter_card":"summary_large_image","twitter_misc":{"Tiempo de lectura":"4 minutos"},"schema":{"@context":"https:\/\/schema.org","@graph":[{"@type":"WebPage","@id":"https:\/\/esthetiquemaviesante.fr\/es\/politica-privacidad\/","url":"https:\/\/esthetiquemaviesante.fr\/es\/politica-privacidad\/","name":"Pol\u00edtica de Privacidad - Ma Vie Sant\u00e9","isPartOf":{"@id":"https:\/\/esthetiquemaviesante.fr\/es\/#website"},"datePublished":"2024-03-01T12:16:23+00:00","dateModified":"2024-12-03T08:59:37+00:00","breadcrumb":{"@id":"https:\/\/esthetiquemaviesante.fr\/es\/politica-privacidad\/#breadcrumb"},"inLanguage":"es","potentialAction":[{"@type":"ReadAction","target":["https:\/\/esthetiquemaviesante.fr\/es\/politica-privacidad\/"]}]},{"@type":"BreadcrumbList","@id":"https:\/\/esthetiquemaviesante.fr\/es\/politica-privacidad\/#breadcrumb","itemListElement":[{"@type":"ListItem","position":1,"name":"Portada","item":"https:\/\/esthetiquemaviesante.fr\/es\/"},{"@type":"ListItem","position":2,"name":"Pol\u00edtica de Privacidad"}]},{"@type":"WebSite","@id":"https:\/\/esthetiquemaviesante.fr\/es\/#website","url":"https:\/\/esthetiquemaviesante.fr\/es\/","name":"Ma Vie Sant\u00e9","description":"Centro m\u00e9dico est\u00e9tico","potentialAction":[{"@type":"SearchAction","target":{"@type":"EntryPoint","urlTemplate":"https:\/\/esthetiquemaviesante.fr\/es\/?s={search_term_string}"},"query-input":{"@type":"PropertyValueSpecification","valueRequired":true,"valueName":"search_term_string"}}],"inLanguage":"es"}]}},"_links":{"self":[{"href":"https:\/\/esthetiquemaviesante.fr\/es\/wp-json\/wp\/v2\/pages\/3024","targetHints":{"allow":["GET"]}}],"collection":[{"href":"https:\/\/esthetiquemaviesante.fr\/es\/wp-json\/wp\/v2\/pages"}],"about":[{"href":"https:\/\/esthetiquemaviesante.fr\/es\/wp-json\/wp\/v2\/types\/page"}],"author":[{"embeddable":true,"href":"https:\/\/esthetiquemaviesante.fr\/es\/wp-json\/wp\/v2\/users\/5"}],"replies":[{"embeddable":true,"href":"https:\/\/esthetiquemaviesante.fr\/es\/wp-json\/wp\/v2\/comments?post=3024"}],"version-history":[{"count":1,"href":"https:\/\/esthetiquemaviesante.fr\/es\/wp-json\/wp\/v2\/pages\/3024\/revisions"}],"predecessor-version":[{"id":3468,"href":"https:\/\/esthetiquemaviesante.fr\/es\/wp-json\/wp\/v2\/pages\/3024\/revisions\/3468"}],"wp:attachment":[{"href":"https:\/\/esthetiquemaviesante.fr\/es\/wp-json\/wp\/v2\/media?parent=3024"}],"curies":[{"name":"wp","href":"https:\/\/api.w.org\/{rel}","templated":true}]}}