{"id":2380,"date":"2015-05-08T17:00:47","date_gmt":"2015-05-08T17:00:47","guid":{"rendered":"https:\/\/esthetiquemaviesante.fr\/?page_id=16"},"modified":"2024-03-13T13:14:34","modified_gmt":"2024-03-13T13:14:34","slug":"ma-vie-sante","status":"publish","type":"page","link":"https:\/\/esthetiquemaviesante.fr\/es\/ma-vie-sante\/","title":{"rendered":"Ma Vie Sant\u00e9"},"content":{"rendered":"<p><div class=\"fusion-fullwidth fullwidth-box fusion-builder-row-1 fusion-flex-container hundred-percent-fullwidth non-hundred-percent-height-scrolling\" style=\"--awb-background-position:left top;--awb-border-sizes-top:0px;--awb-border-sizes-bottom:0px;--awb-border-sizes-left:0px;--awb-border-sizes-right:0px;--awb-border-radius-top-left:0px;--awb-border-radius-top-right:0px;--awb-border-radius-bottom-right:0px;--awb-border-radius-bottom-left:0px;--awb-padding-top:0px;--awb-padding-right:0px;--awb-padding-bottom:0px;--awb-padding-left:0px;--awb-margin-top:0px;--awb-flex-wrap:wrap;\" ><div class=\"fusion-builder-row fusion-row fusion-flex-align-items-stretch fusion-flex-content-wrap\" style=\"width:calc( 100% + 0px ) !important;max-width:calc( 100% + 0px ) !important;margin-left: calc(-0px \/ 2 );margin-right: calc(-0px \/ 2 );\"><div class=\"fusion-layout-column fusion_builder_column fusion-builder-column-0 fusion_builder_column_1_2 1_2 fusion-flex-column fusion-column-inner-bg-wrapper\" style=\"--awb-inner-bg-image:url(&#039;https:\/\/esthetiquemaviesante.fr\/wp-content\/uploads\/2023\/10\/Captura-de-pantalla-2023-10-25-a-les-13.52.02.png&#039;);--awb-inner-bg-position:center center;--awb-inner-bg-blend:overlay;--awb-inner-bg-size:cover;--awb-width-large:50%;--awb-margin-top-large:0px;--awb-spacing-right-large:0px;--awb-margin-bottom-large:0px;--awb-spacing-left-large:0px;--awb-width-medium:50%;--awb-spacing-right-medium:0px;--awb-spacing-left-medium:0px;--awb-width-small:100%;--awb-spacing-right-small:0px;--awb-spacing-left-small:0px;\"><span class=\"fusion-column-inner-bg hover-type-zoomin\"><a class=\"fusion-column-anchor\" href=\"https:\/\/esthetiquemaviesante.fr\/full-shop\/\"><span class=\"fusion-column-inner-bg-image\"><\/span><\/a><\/span><div class=\"fusion-column-wrapper fusion-flex-justify-content-flex-start fusion-content-layout-column fusion-empty-column-bg-image fusion-column-has-bg-image\" data-bg-url=\"https:\/\/esthetiquemaviesante.fr\/wp-content\/uploads\/2023\/10\/Captura-de-pantalla-2023-10-25-a-les-13.52.02.png\"><img decoding=\"async\" class=\"fusion-empty-dims-img-placeholder fusion-no-large-visibility fusion-no-medium-visibility\" aria-label=\"Captura de pantalla 2023-10-25 a les 13.52.02\" src=\"data:image\/svg+xml,%3Csvg%20xmlns%3D%27http%3A%2F%2Fwww.w3.org%2F2000%2Fsvg%27%20width%3D%271994%27%20height%3D%271320%27%20viewBox%3D%270%200%201994%201320%27%3E%3Crect%20width%3D%271994%27%20height%3D%271320%27%20fill-opacity%3D%220%22%2F%3E%3C%2Fsvg%3E\"><\/div><\/div><div class=\"fusion-layout-column fusion_builder_column fusion-builder-column-1 fusion_builder_column_1_2 1_2 fusion-flex-column\" style=\"--awb-padding-top:13%;--awb-padding-right:13%;--awb-padding-bottom:13%;--awb-padding-left:13%;--awb-padding-top-medium:80px;--awb-padding-right-medium:60px;--awb-padding-bottom-medium:80px;--awb-padding-left-medium:60px;--awb-padding-right-small:40px;--awb-padding-bottom-small:60px;--awb-padding-left-small:40px;--awb-bg-color:var(--awb-color2);--awb-bg-color-hover:var(--awb-color2);--awb-bg-size:cover;--awb-width-large:50%;--awb-margin-top-large:0px;--awb-spacing-right-large:0px;--awb-margin-bottom-large:0px;--awb-spacing-left-large:0px;--awb-width-medium:50%;--awb-spacing-right-medium:0px;--awb-spacing-left-medium:0px;--awb-width-small:100%;--awb-spacing-right-small:0px;--awb-spacing-left-small:0px;\"><div class=\"fusion-column-wrapper fusion-flex-justify-content-center fusion-content-layout-column\"><div class=\"fusion-title title fusion-title-1 fusion-sep-none fusion-title-center fusion-title-text fusion-title-size-two\" style=\"--awb-text-color:var(--awb-custom_color_1);--awb-margin-top-small:10px;--awb-margin-right-small:0px;--awb-margin-bottom-small:10px;--awb-margin-left-small:0px;--awb-font-size:24px;\"><h2 class=\"fusion-title-heading title-heading-center\" style=\"margin:0;font-size:1em;\">\u00bfQUI\u00c9NES SOMOS?<\/h2><\/div><div class=\"fusion-separator\" style=\"align-self: center;margin-left: auto;margin-right: auto;margin-top:5px;margin-bottom:30px;width:100%;max-width:30px;\"><div class=\"fusion-separator-border sep-single sep-solid\" style=\"--awb-height:20px;--awb-amount:20px;--awb-sep-color:var(--awb-color5);border-color:var(--awb-color5);border-top-width:1px;\"><\/div><\/div><div class=\"fusion-text fusion-text-1\" style=\"--awb-content-alignment:center;\"><p class=\"p1\" style=\"color: var(--awb-color6);\">Somos un centro m\u00e9dico est\u00e9tico comprometido con la salud y el bienestar de nuestros pacientes. Nuestro equipo est\u00e1 formado por profesionales m\u00e9dicos altamente capacitados y especializados en medicina est\u00e9tica.<\/p>\n<p class=\"p1\" style=\"color: var(--awb-color6);\">Nos esforzamos por brindar tratamientos seguros y efectivos que realcen la belleza natural de nuestros pacientes y mejoren su calidad de vida.<\/p>\n<\/div><\/div><\/div><\/div><\/div><div class=\"fusion-fullwidth fullwidth-box fusion-builder-row-2 fusion-flex-container hundred-percent-fullwidth non-hundred-percent-height-scrolling\" style=\"--awb-background-position:left top;--awb-border-sizes-top:0px;--awb-border-sizes-bottom:0px;--awb-border-sizes-left:0px;--awb-border-sizes-right:0px;--awb-border-radius-top-left:0px;--awb-border-radius-top-right:0px;--awb-border-radius-bottom-right:0px;--awb-border-radius-bottom-left:0px;--awb-padding-top:0px;--awb-padding-right:0px;--awb-padding-bottom:0px;--awb-padding-left:0px;--awb-flex-wrap:wrap;\" ><div class=\"fusion-builder-row fusion-row fusion-flex-align-items-stretch fusion-flex-content-wrap\" style=\"width:calc( 100% + 0px ) !important;max-width:calc( 100% + 0px ) !important;margin-left: calc(-0px \/ 2 );margin-right: calc(-0px \/ 2 );\"><div class=\"fusion-layout-column fusion_builder_column fusion-builder-column-2 fusion_builder_column_1_2 1_2 fusion-flex-column\" style=\"--awb-padding-top:13%;--awb-padding-right:13%;--awb-padding-bottom:13%;--awb-padding-left:13%;--awb-padding-top-medium:80px;--awb-padding-right-medium:60px;--awb-padding-bottom-medium:80px;--awb-padding-left-medium:60px;--awb-bg-color:var(--awb-color2);--awb-bg-color-hover:var(--awb-color2);--awb-bg-size:cover;--awb-width-large:50%;--awb-margin-top-large:0px;--awb-spacing-right-large:0px;--awb-margin-bottom-large:0px;--awb-spacing-left-large:0px;--awb-width-medium:50%;--awb-order-medium:1;--awb-spacing-right-medium:0px;--awb-spacing-left-medium:0px;--awb-width-small:100%;--awb-spacing-right-small:0px;--awb-spacing-left-small:0px;\"><div class=\"fusion-column-wrapper fusion-flex-justify-content-center fusion-content-layout-column\"><div class=\"fusion-title title fusion-title-2 fusion-sep-none fusion-title-center fusion-title-text fusion-title-size-two\" style=\"--awb-text-color:var(--awb-custom_color_1);--awb-margin-top-small:10px;--awb-margin-right-small:0px;--awb-margin-bottom-small:10px;--awb-margin-left-small:0px;--awb-font-size:24px;\"><h2 class=\"fusion-title-heading title-heading-center\" style=\"margin:0;font-size:1em;\">COMO TRABAJAMOS<\/h2><\/div><div class=\"fusion-separator\" style=\"align-self: center;margin-left: auto;margin-right: auto;margin-top:5px;margin-bottom:30px;width:100%;max-width:30px;\"><div class=\"fusion-separator-border sep-single sep-solid\" style=\"--awb-height:20px;--awb-amount:20px;--awb-sep-color:var(--awb-color5);border-color:var(--awb-color5);border-top-width:1px;\"><\/div><\/div><div class=\"fusion-text fusion-text-2\" style=\"--awb-content-alignment:center;\"><p style=\"color: var(--awb-color6);\">Nuestro equipo m\u00e9dico realiza una \u00e9valuation personalizada de cada paciente para entender sus necesidades y objetivos. Utilizamos tecnolog\u00edas avanzadas y procedimientos m\u00e9dicos probados para ofrecer tratamientos de alta calidad.<\/p>\n<p style=\"color: var(--awb-color6);\">La seguridad y la satisfacci\u00f3n del paciente son nuestras principales prioridades, y trabajamos en estrecha colaboraci\u00f3n con cada persona para lograr resultados \u00f3ptimos.<\/p>\n<\/div><\/div><\/div><div class=\"fusion-layout-column fusion_builder_column fusion-builder-column-3 fusion_builder_column_1_2 1_2 fusion-flex-column fusion-column-inner-bg-wrapper\" style=\"--awb-inner-bg-image:url(&#039;https:\/\/esthetiquemaviesante.fr\/wp-content\/uploads\/2023\/10\/en-bones-mans.jpg&#039;);--awb-inner-bg-position:center center;--awb-inner-bg-blend:overlay;--awb-inner-bg-size:cover;--awb-width-large:50%;--awb-margin-top-large:0px;--awb-spacing-right-large:0px;--awb-margin-bottom-large:0px;--awb-spacing-left-large:0px;--awb-width-medium:50%;--awb-spacing-right-medium:0px;--awb-spacing-left-medium:0px;--awb-width-small:100%;--awb-spacing-right-small:0px;--awb-spacing-left-small:0px;\"><span class=\"fusion-column-inner-bg hover-type-zoomin\"><a class=\"fusion-column-anchor\" href=\"https:\/\/esthetiquemaviesante.fr\/full-shop\/\"><span class=\"fusion-column-inner-bg-image\"><\/span><\/a><\/span><div class=\"fusion-column-wrapper fusion-flex-justify-content-flex-start fusion-content-layout-column fusion-empty-column-bg-image fusion-column-has-bg-image\" data-bg-url=\"https:\/\/esthetiquemaviesante.fr\/wp-content\/uploads\/2023\/10\/en-bones-mans.jpg\"><img decoding=\"async\" class=\"fusion-empty-dims-img-placeholder fusion-no-large-visibility fusion-no-medium-visibility\" aria-label=\"Woman in cosmetology studio on a procedures\" src=\"data:image\/svg+xml,%3Csvg%20xmlns%3D%27http%3A%2F%2Fwww.w3.org%2F2000%2Fsvg%27%20width%3D%27800%27%20height%3D%27533%27%20viewBox%3D%270%200%20800%20533%27%3E%3Crect%20width%3D%27800%27%20height%3D%27533%27%20fill-opacity%3D%220%22%2F%3E%3C%2Fsvg%3E\"><\/div><\/div><\/div><\/div><\/p>\n","protected":false},"excerpt":{"rendered":"","protected":false},"author":1,"featured_media":0,"parent":0,"menu_order":20,"comment_status":"open","ping_status":"closed","template":"100-width.php","meta":{"footnotes":""},"class_list":["post-2380","page","type-page","status-publish","hentry"],"yoast_head":"<!-- This site is optimized with the Yoast SEO plugin v27.2 - https:\/\/yoast.com\/product\/yoast-seo-wordpress\/ -->\n<title>Ma Vie Sant\u00e9 - Ma Vie Sant\u00e9<\/title>\n<meta name=\"robots\" content=\"index, follow, max-snippet:-1, max-image-preview:large, max-video-preview:-1\" \/>\n<link rel=\"canonical\" href=\"https:\/\/esthetiquemaviesante.fr\/es\/ma-vie-sante\/\" \/>\n<meta property=\"og:locale\" content=\"es_ES\" \/>\n<meta property=\"og:type\" content=\"article\" \/>\n<meta property=\"og:title\" content=\"Ma Vie Sant\u00e9 - Ma Vie Sant\u00e9\" \/>\n<meta property=\"og:url\" content=\"https:\/\/esthetiquemaviesante.fr\/es\/ma-vie-sante\/\" \/>\n<meta property=\"og:site_name\" content=\"Ma Vie Sant\u00e9\" \/>\n<meta property=\"article:modified_time\" content=\"2024-03-13T13:14:34+00:00\" \/>\n<meta name=\"twitter:card\" content=\"summary_large_image\" \/>\n<meta name=\"twitter:label1\" content=\"Tiempo de lectura\" \/>\n\t<meta name=\"twitter:data1\" content=\"2 minutos\" \/>\n<script type=\"application\/ld+json\" class=\"yoast-schema-graph\">{\"@context\":\"https:\/\/schema.org\",\"@graph\":[{\"@type\":\"WebPage\",\"@id\":\"https:\/\/esthetiquemaviesante.fr\/es\/ma-vie-sante\/\",\"url\":\"https:\/\/esthetiquemaviesante.fr\/es\/ma-vie-sante\/\",\"name\":\"Ma Vie Sant\u00e9 - Ma Vie Sant\u00e9\",\"isPartOf\":{\"@id\":\"https:\/\/esthetiquemaviesante.fr\/es\/#website\"},\"datePublished\":\"2015-05-08T17:00:47+00:00\",\"dateModified\":\"2024-03-13T13:14:34+00:00\",\"breadcrumb\":{\"@id\":\"https:\/\/esthetiquemaviesante.fr\/es\/ma-vie-sante\/#breadcrumb\"},\"inLanguage\":\"es\",\"potentialAction\":[{\"@type\":\"ReadAction\",\"target\":[\"https:\/\/esthetiquemaviesante.fr\/es\/ma-vie-sante\/\"]}]},{\"@type\":\"BreadcrumbList\",\"@id\":\"https:\/\/esthetiquemaviesante.fr\/es\/ma-vie-sante\/#breadcrumb\",\"itemListElement\":[{\"@type\":\"ListItem\",\"position\":1,\"name\":\"Portada\",\"item\":\"https:\/\/esthetiquemaviesante.fr\/es\/\"},{\"@type\":\"ListItem\",\"position\":2,\"name\":\"Ma Vie Sant\u00e9\"}]},{\"@type\":\"WebSite\",\"@id\":\"https:\/\/esthetiquemaviesante.fr\/es\/#website\",\"url\":\"https:\/\/esthetiquemaviesante.fr\/es\/\",\"name\":\"Ma Vie Sant\u00e9\",\"description\":\"Centro m\u00e9dico est\u00e9tico\",\"potentialAction\":[{\"@type\":\"SearchAction\",\"target\":{\"@type\":\"EntryPoint\",\"urlTemplate\":\"https:\/\/esthetiquemaviesante.fr\/es\/?s={search_term_string}\"},\"query-input\":{\"@type\":\"PropertyValueSpecification\",\"valueRequired\":true,\"valueName\":\"search_term_string\"}}],\"inLanguage\":\"es\"}]}<\/script>\n<!-- \/ Yoast SEO plugin. -->","yoast_head_json":{"title":"Ma Vie Sant\u00e9 - Ma Vie Sant\u00e9","robots":{"index":"index","follow":"follow","max-snippet":"max-snippet:-1","max-image-preview":"max-image-preview:large","max-video-preview":"max-video-preview:-1"},"canonical":"https:\/\/esthetiquemaviesante.fr\/es\/ma-vie-sante\/","og_locale":"es_ES","og_type":"article","og_title":"Ma Vie Sant\u00e9 - Ma Vie Sant\u00e9","og_url":"https:\/\/esthetiquemaviesante.fr\/es\/ma-vie-sante\/","og_site_name":"Ma Vie Sant\u00e9","article_modified_time":"2024-03-13T13:14:34+00:00","twitter_card":"summary_large_image","twitter_misc":{"Tiempo de lectura":"2 minutos"},"schema":{"@context":"https:\/\/schema.org","@graph":[{"@type":"WebPage","@id":"https:\/\/esthetiquemaviesante.fr\/es\/ma-vie-sante\/","url":"https:\/\/esthetiquemaviesante.fr\/es\/ma-vie-sante\/","name":"Ma Vie Sant\u00e9 - Ma Vie Sant\u00e9","isPartOf":{"@id":"https:\/\/esthetiquemaviesante.fr\/es\/#website"},"datePublished":"2015-05-08T17:00:47+00:00","dateModified":"2024-03-13T13:14:34+00:00","breadcrumb":{"@id":"https:\/\/esthetiquemaviesante.fr\/es\/ma-vie-sante\/#breadcrumb"},"inLanguage":"es","potentialAction":[{"@type":"ReadAction","target":["https:\/\/esthetiquemaviesante.fr\/es\/ma-vie-sante\/"]}]},{"@type":"BreadcrumbList","@id":"https:\/\/esthetiquemaviesante.fr\/es\/ma-vie-sante\/#breadcrumb","itemListElement":[{"@type":"ListItem","position":1,"name":"Portada","item":"https:\/\/esthetiquemaviesante.fr\/es\/"},{"@type":"ListItem","position":2,"name":"Ma Vie Sant\u00e9"}]},{"@type":"WebSite","@id":"https:\/\/esthetiquemaviesante.fr\/es\/#website","url":"https:\/\/esthetiquemaviesante.fr\/es\/","name":"Ma Vie Sant\u00e9","description":"Centro m\u00e9dico est\u00e9tico","potentialAction":[{"@type":"SearchAction","target":{"@type":"EntryPoint","urlTemplate":"https:\/\/esthetiquemaviesante.fr\/es\/?s={search_term_string}"},"query-input":{"@type":"PropertyValueSpecification","valueRequired":true,"valueName":"search_term_string"}}],"inLanguage":"es"}]}},"_links":{"self":[{"href":"https:\/\/esthetiquemaviesante.fr\/es\/wp-json\/wp\/v2\/pages\/2380","targetHints":{"allow":["GET"]}}],"collection":[{"href":"https:\/\/esthetiquemaviesante.fr\/es\/wp-json\/wp\/v2\/pages"}],"about":[{"href":"https:\/\/esthetiquemaviesante.fr\/es\/wp-json\/wp\/v2\/types\/page"}],"author":[{"embeddable":true,"href":"https:\/\/esthetiquemaviesante.fr\/es\/wp-json\/wp\/v2\/users\/1"}],"replies":[{"embeddable":true,"href":"https:\/\/esthetiquemaviesante.fr\/es\/wp-json\/wp\/v2\/comments?post=2380"}],"version-history":[{"count":0,"href":"https:\/\/esthetiquemaviesante.fr\/es\/wp-json\/wp\/v2\/pages\/2380\/revisions"}],"wp:attachment":[{"href":"https:\/\/esthetiquemaviesante.fr\/es\/wp-json\/wp\/v2\/media?parent=2380"}],"curies":[{"name":"wp","href":"https:\/\/api.w.org\/{rel}","templated":true}]}}